{"id":392,"date":"2017-12-15T16:11:01","date_gmt":"2017-12-15T15:11:01","guid":{"rendered":"http:\/\/artificelafinition.fr\/fr\/?page_id=392"},"modified":"2018-01-24T11:31:32","modified_gmt":"2018-01-24T10:31:32","slug":"nos-finitions","status":"publish","type":"page","link":"https:\/\/artificelafinition.fr\/fr\/nos-finitions\/","title":{"rendered":"Nos finitions"},"content":{"rendered":"<p>\t<a href=\"http:\/\/www.artificelafinition.fr\/fr\"><img decoding=\"async\" src=\"http:\/\/artificelafinition.fr\/fr\/wp-content\/uploads\/2017\/04\/artifice-logo-svg.svg\" width=\"100%\"><\/a><\/p>\n<h1>\n\t\tLes laques (peinture)<br \/>\n\t<\/h1>\n<h3><strong>Nos prestations de laquage<\/strong><\/h3>\n<p><strong>Finition extra mat ou mat<\/strong> : de la finition extra mat (2 gloss) \u00e0 la finition mat (jusqu&rsquo;\u00e0 10 gloss), cet effet tr\u00e8s tendance donne \u00e0 vos mat\u00e9riaux un aspect doux et feutr\u00e9.<\/p>\n<p><strong>Finition satin\u00e9e<\/strong> : qualit\u00e9 de finition la plus couramment utilis\u00e9e, la finition satin\u00e9e est un compromis int\u00e9ressant entre les finitions mates et brillantes.<\/p>\n<p><strong>Finition grand brillant<\/strong> : mode op\u00e9ratoire tr\u00e8s complexe n\u00e9cessitant une pr\u00e9paration de surface irr\u00e9prochable qui, associ\u00e9 \u00e0 une application de laque grand brillant permet d&rsquo;obtenir un rendu d&rsquo;exception.<\/p>\n<p>Un \u00e9quipement adapt\u00e9 ainsi qu&rsquo;un environnement ma\u00eetris\u00e9 sont indispensables pour atteindre ce niveau de qualit\u00e9.<\/p>\n<p>Nos finitions grand brillant peuvent \u00eatre \u00e9galement sublim\u00e9es par une op\u00e9ration de poli-lustrage.<\/p>\n<p><strong>Finition m\u00e9tallis\u00e9e ou nacr\u00e9e<\/strong> : la s\u00e9lection des pigments et les solutions pr\u00e9par\u00e9es par nos partenaires nous permettent de vous proposer un rendu spectaculaire sur les supports de votre choix.<\/p>\n<p>Ces effets d\u00e9coratifs sont d\u00e9clinables dans tous les coloris,<br \/>de la finition extra mat au grand brillant.<\/p>\n<p><strong>Finition c\u00e9rus\u00e9e<\/strong> : un jeu subtil de laques et de patines mettant en valeur et soulignant les particularit\u00e9s de chaque essence de bois \u00e0 pores ouverts pour un produit fini \u00e9l\u00e9gant.<\/p>\n<h1>\n\t\tLes vernis<br \/>\n\t<\/h1>\n<h3><strong>Nos prestations de vernissage<\/strong><\/h3>\n<p>La plupart des finitions que nous proposons en laques peuvent \u00e9galement \u00eatre obtenues avec des vernis :<\/p>\n<p><strong>Finition extra mat ou mat<\/strong> : extra mat (2 gloss) \u00e0 mat (jusqu&rsquo;\u00e0 10 gloss) pour un aspect doux et feutr\u00e9.<\/p>\n<p><strong>Finition satin\u00e9e<\/strong> : \u00a0compromis entre le mat et le brillant.<\/p>\n<p><strong>Finition grand brillant<\/strong> : \u00a0rendu d&rsquo;exception pour une brillance remarquable. La ma\u00eetrise et la reproductibilit\u00e9 de ce niveau de rendu sont possibles gr\u00e2ce aux \u00e9quipements, l&rsquo;exp\u00e9rience et l&rsquo;expertise de l&rsquo;entreprise. Nous accompagnons nos clients sur les pr\u00e9-requis de mati\u00e8res pour un r\u00e9sultat optimal.<\/p>\n<p><strong>Finition m\u00e9tallis\u00e9e ou nacr\u00e9e<\/strong> : rendu spectaculaire sur tous les supports et dans tous les coloris.<\/p>\n<p><strong>Finition c\u00e9rus\u00e9e<\/strong> : Rendu valorisant permettant de sublimer le bois.<\/p>\n<p>La mise en teinte elle permet d&rsquo;ajuster ou de modifier le coloris d&rsquo;un support tout en conservant l&rsquo;authenticit\u00e9 des diff\u00e9rentes essences de bois.<\/p>\n<p>Dans le cadre d&rsquo;un process complet, cette op\u00e9ration est r\u00e9alisable avec toutes les autres finitions vernis.<\/p>\n<p>\tARTIFICE \u00a0| \u00a0PA de la Tuilerie &#8211; 26 rue de la Vigne Rouge &#8211;\u00a085260 L&rsquo;HERBERGEMENT \u00a0| \u00a0T\u00e9l. : 02 51 43 30 41\u00a0 | \u00a0Fax : 02 51 42 83 22<\/p>\n<p style=\"text-align: center;\"><a href=\"http:\/\/artificelafinition.fr\/fr\/contacts\/\">Contactez-nous !<\/a><\/p>\n<p><a href=\"http:\/\/artificelafinition.fr\/fr\/lentreprise\/\">Finitions vernis Grand Ouest<\/a> &#8211; <a href=\"http:\/\/artificelafinition.fr\/fr\/nos-finitions\/\">finition laque<\/a> &#8211; <a href=\"http:\/\/artificelafinition.fr\/fr\/nos-finitions\/\">finition grand brillant<\/a> &#8211; <a href=\"http:\/\/artificelafinition.fr\/fr\/nos-finitions\/\">laquage<\/a> &#8211; <a href=\"http:\/\/artificelafinition.fr\/fr\/nos-moyens\/\">vernissage<\/a> &#8211; <a href=\"http:\/\/artificelafinition.fr\/fr\/nos-finitions\/\">finitions peinture<\/a><\/p>\n<p>Tous droits r\u00e9serv\u00e9s ARTIFICE<br \/>\nMentions l\u00e9gales<br \/>\nR\u00e9alisation : Amomenti \/ Agence 71<\/p>\n<p>\t\t\t\t<img loading=\"lazy\" decoding=\"async\" src=\"http:\/\/artificelafinition.fr\/fr\/wp-content\/uploads\/2017\/04\/carte-france3.png\" alt=\"carte-france3\" itemprop=\"image\" height=\"400\" width=\"500\"  \/><\/p>\n","protected":false},"excerpt":{"rendered":"<p>Les laques (peinture) Nos prestations de laquage Finition extra mat ou mat : de la finition extra mat (2 gloss) \u00e0 la finition mat (jusqu&rsquo;\u00e0 10 gloss), cet effet tr\u00e8s tendance donne \u00e0 vos mat\u00e9riaux un aspect doux et feutr\u00e9. Finition satin\u00e9e : qualit\u00e9 de finition la plus couramment utilis\u00e9e, la finition satin\u00e9e est un&hellip;<\/p>\n","protected":false},"author":1,"featured_media":0,"parent":0,"menu_order":0,"comment_status":"closed","ping_status":"closed","template":"","meta":{"inline_featured_image":false,"footnotes":""},"class_list":["post-392","page","type-page","status-publish","hentry"],"yoast_head":"<!-- This site is optimized with the Yoast SEO plugin v27.4 - https:\/\/yoast.com\/product\/yoast-seo-wordpress\/ -->\n<title>Nos finitions - Artifice La Finition<\/title>\n<meta name=\"robots\" content=\"index, follow, max-snippet:-1, max-image-preview:large, max-video-preview:-1\" \/>\n<link rel=\"canonical\" href=\"\/fr\/wp-json\/wp\/v2\/pages\/392\" \/>\n<meta property=\"og:locale\" content=\"fr_FR\" \/>\n<meta property=\"og:type\" content=\"article\" \/>\n<meta property=\"og:title\" content=\"Nos finitions - Artifice La Finition\" \/>\n<meta property=\"og:description\" content=\"Les laques (peinture) Nos prestations de laquage Finition extra mat ou mat : de la finition extra mat (2 gloss) \u00e0 la finition mat (jusqu&rsquo;\u00e0 10 gloss), cet effet tr\u00e8s tendance donne \u00e0 vos mat\u00e9riaux un aspect doux et feutr\u00e9. Finition satin\u00e9e : qualit\u00e9 de finition la plus couramment utilis\u00e9e, la finition satin\u00e9e est un&hellip;\" \/>\n<meta property=\"og:url\" content=\"https:\/\/artificelafinition.fr\/fr\/nos-finitions\/\" \/>\n<meta property=\"og:site_name\" content=\"Artifice La Finition\" \/>\n<meta property=\"article:modified_time\" content=\"2018-01-24T10:31:32+00:00\" \/>\n<meta property=\"og:image\" content=\"http:\/\/artificelafinition.fr\/fr\/wp-content\/uploads\/2017\/04\/artifice-logo-svg.svg\" \/>\n<meta name=\"twitter:card\" content=\"summary_large_image\" \/>\n<meta name=\"twitter:label1\" content=\"Dur\u00e9e de lecture estim\u00e9e\" \/>\n\t<meta name=\"twitter:data1\" content=\"2 minutes\" \/>\n<script type=\"application\/ld+json\" class=\"yoast-schema-graph\">{\"@context\":\"https:\\\/\\\/schema.org\",\"@graph\":[{\"@type\":\"WebPage\",\"@id\":\"https:\\\/\\\/artificelafinition.fr\\\/fr\\\/nos-finitions\\\/\",\"url\":\"https:\\\/\\\/artificelafinition.fr\\\/fr\\\/nos-finitions\\\/\",\"name\":\"Nos finitions - Artifice La Finition\",\"isPartOf\":{\"@id\":\"https:\\\/\\\/artificelafinition.fr\\\/fr\\\/#website\"},\"primaryImageOfPage\":{\"@id\":\"https:\\\/\\\/artificelafinition.fr\\\/fr\\\/nos-finitions\\\/#primaryimage\"},\"image\":{\"@id\":\"https:\\\/\\\/artificelafinition.fr\\\/fr\\\/nos-finitions\\\/#primaryimage\"},\"thumbnailUrl\":\"http:\\\/\\\/artificelafinition.fr\\\/fr\\\/wp-content\\\/uploads\\\/2017\\\/04\\\/artifice-logo-svg.svg\",\"datePublished\":\"2017-12-15T15:11:01+00:00\",\"dateModified\":\"2018-01-24T10:31:32+00:00\",\"breadcrumb\":{\"@id\":\"https:\\\/\\\/artificelafinition.fr\\\/fr\\\/nos-finitions\\\/#breadcrumb\"},\"inLanguage\":\"fr-FR\",\"potentialAction\":[{\"@type\":\"ReadAction\",\"target\":[\"https:\\\/\\\/artificelafinition.fr\\\/fr\\\/nos-finitions\\\/\"]}]},{\"@type\":\"ImageObject\",\"inLanguage\":\"fr-FR\",\"@id\":\"https:\\\/\\\/artificelafinition.fr\\\/fr\\\/nos-finitions\\\/#primaryimage\",\"url\":\"http:\\\/\\\/artificelafinition.fr\\\/fr\\\/wp-content\\\/uploads\\\/2017\\\/04\\\/artifice-logo-svg.svg\",\"contentUrl\":\"http:\\\/\\\/artificelafinition.fr\\\/fr\\\/wp-content\\\/uploads\\\/2017\\\/04\\\/artifice-logo-svg.svg\"},{\"@type\":\"BreadcrumbList\",\"@id\":\"https:\\\/\\\/artificelafinition.fr\\\/fr\\\/nos-finitions\\\/#breadcrumb\",\"itemListElement\":[{\"@type\":\"ListItem\",\"position\":1,\"name\":\"Accueil\",\"item\":\"https:\\\/\\\/artificelafinition.fr\\\/fr\\\/\"},{\"@type\":\"ListItem\",\"position\":2,\"name\":\"Nos finitions\"}]},{\"@type\":\"WebSite\",\"@id\":\"https:\\\/\\\/artificelafinition.fr\\\/fr\\\/#website\",\"url\":\"https:\\\/\\\/artificelafinition.fr\\\/fr\\\/\",\"name\":\"Artifice La Finition\",\"description\":\"Finitions peintures et vernis\",\"potentialAction\":[{\"@type\":\"SearchAction\",\"target\":{\"@type\":\"EntryPoint\",\"urlTemplate\":\"https:\\\/\\\/artificelafinition.fr\\\/fr\\\/?s={search_term_string}\"},\"query-input\":{\"@type\":\"PropertyValueSpecification\",\"valueRequired\":true,\"valueName\":\"search_term_string\"}}],\"inLanguage\":\"fr-FR\"}]}<\/script>\n<!-- \/ Yoast SEO plugin. -->","yoast_head_json":{"title":"Nos finitions - Artifice La Finition","robots":{"index":"index","follow":"follow","max-snippet":"max-snippet:-1","max-image-preview":"max-image-preview:large","max-video-preview":"max-video-preview:-1"},"canonical":"\/fr\/wp-json\/wp\/v2\/pages\/392","og_locale":"fr_FR","og_type":"article","og_title":"Nos finitions - Artifice La Finition","og_description":"Les laques (peinture) Nos prestations de laquage Finition extra mat ou mat : de la finition extra mat (2 gloss) \u00e0 la finition mat (jusqu&rsquo;\u00e0 10 gloss), cet effet tr\u00e8s tendance donne \u00e0 vos mat\u00e9riaux un aspect doux et feutr\u00e9. Finition satin\u00e9e : qualit\u00e9 de finition la plus couramment utilis\u00e9e, la finition satin\u00e9e est un&hellip;","og_url":"https:\/\/artificelafinition.fr\/fr\/nos-finitions\/","og_site_name":"Artifice La Finition","article_modified_time":"2018-01-24T10:31:32+00:00","og_image":[{"url":"http:\/\/artificelafinition.fr\/fr\/wp-content\/uploads\/2017\/04\/artifice-logo-svg.svg","type":"","width":"","height":""}],"twitter_card":"summary_large_image","twitter_misc":{"Dur\u00e9e de lecture estim\u00e9e":"2 minutes"},"schema":{"@context":"https:\/\/schema.org","@graph":[{"@type":"WebPage","@id":"https:\/\/artificelafinition.fr\/fr\/nos-finitions\/","url":"https:\/\/artificelafinition.fr\/fr\/nos-finitions\/","name":"Nos finitions - Artifice La Finition","isPartOf":{"@id":"https:\/\/artificelafinition.fr\/fr\/#website"},"primaryImageOfPage":{"@id":"https:\/\/artificelafinition.fr\/fr\/nos-finitions\/#primaryimage"},"image":{"@id":"https:\/\/artificelafinition.fr\/fr\/nos-finitions\/#primaryimage"},"thumbnailUrl":"http:\/\/artificelafinition.fr\/fr\/wp-content\/uploads\/2017\/04\/artifice-logo-svg.svg","datePublished":"2017-12-15T15:11:01+00:00","dateModified":"2018-01-24T10:31:32+00:00","breadcrumb":{"@id":"https:\/\/artificelafinition.fr\/fr\/nos-finitions\/#breadcrumb"},"inLanguage":"fr-FR","potentialAction":[{"@type":"ReadAction","target":["https:\/\/artificelafinition.fr\/fr\/nos-finitions\/"]}]},{"@type":"ImageObject","inLanguage":"fr-FR","@id":"https:\/\/artificelafinition.fr\/fr\/nos-finitions\/#primaryimage","url":"http:\/\/artificelafinition.fr\/fr\/wp-content\/uploads\/2017\/04\/artifice-logo-svg.svg","contentUrl":"http:\/\/artificelafinition.fr\/fr\/wp-content\/uploads\/2017\/04\/artifice-logo-svg.svg"},{"@type":"BreadcrumbList","@id":"https:\/\/artificelafinition.fr\/fr\/nos-finitions\/#breadcrumb","itemListElement":[{"@type":"ListItem","position":1,"name":"Accueil","item":"https:\/\/artificelafinition.fr\/fr\/"},{"@type":"ListItem","position":2,"name":"Nos finitions"}]},{"@type":"WebSite","@id":"https:\/\/artificelafinition.fr\/fr\/#website","url":"https:\/\/artificelafinition.fr\/fr\/","name":"Artifice La Finition","description":"Finitions peintures et vernis","potentialAction":[{"@type":"SearchAction","target":{"@type":"EntryPoint","urlTemplate":"https:\/\/artificelafinition.fr\/fr\/?s={search_term_string}"},"query-input":{"@type":"PropertyValueSpecification","valueRequired":true,"valueName":"search_term_string"}}],"inLanguage":"fr-FR"}]}},"_links":{"self":[{"href":"https:\/\/artificelafinition.fr\/fr\/wp-json\/wp\/v2\/pages\/392","targetHints":{"allow":["GET"]}}],"collection":[{"href":"https:\/\/artificelafinition.fr\/fr\/wp-json\/wp\/v2\/pages"}],"about":[{"href":"https:\/\/artificelafinition.fr\/fr\/wp-json\/wp\/v2\/types\/page"}],"author":[{"embeddable":true,"href":"https:\/\/artificelafinition.fr\/fr\/wp-json\/wp\/v2\/users\/1"}],"replies":[{"embeddable":true,"href":"https:\/\/artificelafinition.fr\/fr\/wp-json\/wp\/v2\/comments?post=392"}],"version-history":[{"count":0,"href":"https:\/\/artificelafinition.fr\/fr\/wp-json\/wp\/v2\/pages\/392\/revisions"}],"wp:attachment":[{"href":"https:\/\/artificelafinition.fr\/fr\/wp-json\/wp\/v2\/media?parent=392"}],"curies":[{"name":"wp","href":"https:\/\/api.w.org\/{rel}","templated":true}]}}