{"id":2,"date":"2017-04-18T13:07:31","date_gmt":"2017-04-18T12:07:31","guid":{"rendered":"http:\/\/artificelafinition.fr\/fr\/?page_id=2"},"modified":"2026-04-20T10:10:02","modified_gmt":"2026-04-20T09:10:02","slug":"accueil","status":"publish","type":"page","link":"https:\/\/artificelafinition.fr\/fr\/","title":{"rendered":"Accueil"},"content":{"rendered":"\n<h2>\n\t\t\tLa finition est notre art\t<\/h2>\n\t<a title=\"lien home\" href=\"http:\/\/www.artificelafinition.fr\/fr\"><img decoding=\"async\" alt=\"logo artifice\" src=\"http:\/\/artificelafinition.fr\/fr\/wp-content\/uploads\/2017\/04\/artifice-logo-svg-noir.svg\" width=\"100%\"\/><\/a>\n<h3>\n\t\t\tLA PERFORMANCE COMMUNE\t<\/h3>\n\t<p>Vous \u00eates industriel et votre quotidien vous impose des probl\u00e9matiques\u00a0de finition, votre temps \u00e9tant une \u00e9conomie palpable, nous vous proposons\u00a0d&rsquo;en gagner, notre philosophie, r\u00e9ussir ensemble !<\/p>\n<blockquote><p>Gagner du temps sans sacrifier la qualit\u00e9 d&rsquo;une finition irr\u00e9prochable.<\/p><\/blockquote>\n<p>&nbsp;<\/p>\n\t<blockquote><p>Etre partenaires pour mieux gagner ensemble.<\/p><\/blockquote>\n<p>Pour se donner tous les moyens de la performance nous vous proposons\u00a0d&rsquo;\u00eatre votre \u00e9quipier d\u00e8s la r\u00e9flexion, plus vite nous int\u00e9grons votre \u00e9quipe\u00a0de d\u00e9cision, plus vite la solution se dessine, \u00eatre partenaire pour mieux\u00a0gagner ensemble.<\/p>\n<p>La proximit\u00e9 est une valeur cl\u00e9 de notre d\u00e9marche, l&rsquo;\u00e9coute et la disponibilit\u00e9\u00a0sont les moyens les plus efficaces pour construire et atteindre un objectif\u00a0commun, la performance.<\/p>\n<h3>\n\t\t\tFocus\t<\/h3>\n\t\t<iframe loading=\"lazy\" src=\"https:\/\/player.vimeo.com\/video\/442318299\" width=\"640\" height=\"360\" frameborder=\"0\" allow=\"autoplay; fullscreen\" allowfullscreen><\/iframe>\t\n<h3>\n\t\t\tD\u00e9couvrez les outils ARTIFICE\t<\/h3>\n\t<p>Gr\u00e2ce \u00e0 cette vid\u00e9o, nous vous invitons \u00e0 d\u00e9couvrir l&rsquo;entreprise et ses outils pour la r\u00e9alisation de peintures et finitions.<\/p>\n<figure itemscope itemtype=\"https:\/\/schema.org\/ImageObject\">\n\t\t\t\t<a href=\"http:\/\/artificelafinition.fr\/fr\/lentreprise\/7-bonnes-raisons-de-choisir-artifice\/\"  target=\"_self\" itemprop=\"url\">\n\t\t\t\t<img decoding=\"async\" src=\"http:\/\/artificelafinition.fr\/fr\/wp-content\/uploads\/2017\/04\/7.png\" alt=\"7\" title=\"7\" onerror=\"this.style.display='none'\" loading=\"lazy\" \/>\n\t\t\t\t<\/a>\n\t<\/figure>\n\t<a href=\"http:\/\/artificelafinition.fr\/fr\/lentreprise\/7-bonnes-raisons-de-choisir-artifice\/\">D\u00e9couvrez 7 bonnes raisons<br \/>\nde nous faire confiance<\/a>\n\t\t<ul>\n\t\t\t\t<li>\n\t\t\t<img decoding=\"async\" loading=\"false\" src=\"http:\/\/artificelafinition.fr\/fr\/wp-content\/uploads\/2017\/04\/artifice_slide_529_600x400.jpg\" alt=\"\" \/>\t\t\t\n\t\t\t\t<h2>La finition par les extr\u00eames<\/h2><p>Nous sommes en mesure de vous proposer toutes les finitions de l&rsquo;extra mat au grand brillant. Notre exp\u00e9rience sur de nombreux supports ne nous pr\u00e9sente pas de difficult\u00e9s particuli\u00e8res. Le plus important ? une pr\u00e9paration intransigeante, une s\u00e9lection rigoureuse de nos produits et partenaires sans oublier un \u00e9quipement de haute technologie. Pour les pi\u00e8ces vernies ou laqu\u00e9es le plus courantes nous utilisons la m\u00eame organisation et le m\u00eames exigences. (exemple de pi\u00e8ces en s\u00e9rie pour l&rsquo;industrie plastique).<\/p>\n<img decoding=\"async\" loading=\"false\" src=\"http:\/\/artificelafinition.fr\/fr\/wp-content\/uploads\/2017\/04\/artifice_slide_529_600x400.jpg\" alt=\"\" \/>\t\t\t\n\t\t<\/li>\n\t\t\t<li>\n\t\t\t<img decoding=\"async\" loading=\"false\" src=\"http:\/\/artificelafinition.fr\/fr\/wp-content\/uploads\/2017\/04\/artifice_finition_soft-touch.jpg\" alt=\"\" \/>\t\t\t\n\t\t\t\t<h2>La finition Soft Touch<\/h2><p>L\u00e9g\u00e8rement plus \u00e9paisse que les autres finitions, elle se distingue par son touch\u00e9 soyeux que nous pouvons reproduire sur pratiquement tous vos supports. Nous utilisons des laques particuli\u00e8res pour obtenir un produit fini \u00e0 pouvoir couvrant \u00e9lev\u00e9.<\/p>\n<img decoding=\"async\" loading=\"false\" src=\"http:\/\/artificelafinition.fr\/fr\/wp-content\/uploads\/2017\/04\/artifice_finition_soft-touch.jpg\" alt=\"\" \/>\t\t\t\n\t\t<\/li>\n\t\t<\/ul>\n\tARTIFICE \u00a0| \u00a0PA de la Tuilerie &#8211; 26 rue de la Vigne Rouge &#8211;\u00a085260 L&rsquo;HERBERGEMENT \u00a0| \u00a0T\u00e9l. : 02 51 43 30 41\u00a0 | \u00a0Fax : 02 51 42 83 22\n\t<p><a href=\"http:\/\/artificelafinition.fr\/fr\/contacts\/\">Contactez-nous !<\/a><\/p>\n\t<p><a href=\"http:\/\/artificelafinition.fr\/fr\/lentreprise\/\">Finitions vernis Grand Ouest<\/a> &#8211; <a href=\"http:\/\/artificelafinition.fr\/fr\/nos-finitions\/\">finition laque<\/a> &#8211; <a href=\"http:\/\/artificelafinition.fr\/fr\/nos-finitions\/\">finition grand brillant<\/a> &#8211; <a href=\"http:\/\/artificelafinition.fr\/fr\/nos-finitions\/\">laquage<\/a> &#8211; <a href=\"http:\/\/artificelafinition.fr\/fr\/nos-moyens\/\">vernissage<\/a> &#8211; <a href=\"http:\/\/artificelafinition.fr\/fr\/nos-finitions\/\">finitions peinture<\/a><\/p>\n\tTous droits r\u00e9serv\u00e9s ARTIFICE<br \/>\nMentions l\u00e9gales<br \/>\nR\u00e9alisation : Amomenti \/ Agence 71\n<figure itemscope itemtype=\"https:\/\/schema.org\/ImageObject\">\n\t\t\t\t<img decoding=\"async\" src=\"http:\/\/artificelafinition.fr\/fr\/wp-content\/uploads\/2017\/04\/carte-france3.png\" alt=\"carte-france3\" title=\"carte-france3\" onerror=\"this.style.display='none'\" loading=\"lazy\" \/>\n\t<\/figure>\n\n","protected":false},"excerpt":{"rendered":"<p>La finition est notre art LA PERFORMANCE COMMUNE Vous \u00eates industriel et votre quotidien vous impose des probl\u00e9matiques\u00a0de finition, votre temps \u00e9tant une \u00e9conomie palpable, nous vous proposons\u00a0d&rsquo;en gagner, notre philosophie, r\u00e9ussir ensemble ! Gagner du temps sans sacrifier la qualit\u00e9 d&rsquo;une finition irr\u00e9prochable. &nbsp; Etre partenaires pour mieux gagner ensemble. Pour se donner tous&hellip;<\/p>\n","protected":false},"author":1,"featured_media":0,"parent":0,"menu_order":0,"comment_status":"closed","ping_status":"closed","template":"","meta":{"inline_featured_image":false,"footnotes":""},"class_list":["post-2","page","type-page","status-publish","hentry"],"yoast_head":"<!-- This site is optimized with the Yoast SEO plugin v27.5 - https:\/\/yoast.com\/product\/yoast-seo-wordpress\/ -->\n<title>Accueil - Artifice La Finition<\/title>\n<meta name=\"robots\" content=\"index, follow, max-snippet:-1, max-image-preview:large, max-video-preview:-1\" \/>\n<link rel=\"canonical\" href=\"\/fr\/wp-json\/wp\/v2\/pages\/2\" \/>\n<meta property=\"og:locale\" content=\"fr_FR\" \/>\n<meta property=\"og:type\" content=\"article\" \/>\n<meta property=\"og:title\" content=\"Accueil - Artifice La Finition\" \/>\n<meta property=\"og:description\" content=\"La finition est notre art LA PERFORMANCE COMMUNE Vous \u00eates industriel et votre quotidien vous impose des probl\u00e9matiques\u00a0de finition, votre temps \u00e9tant une \u00e9conomie palpable, nous vous proposons\u00a0d&rsquo;en gagner, notre philosophie, r\u00e9ussir ensemble ! Gagner du temps sans sacrifier la qualit\u00e9 d&rsquo;une finition irr\u00e9prochable. &nbsp; Etre partenaires pour mieux gagner ensemble. Pour se donner tous&hellip;\" \/>\n<meta property=\"og:url\" content=\"https:\/\/artificelafinition.fr\/fr\/\" \/>\n<meta property=\"og:site_name\" content=\"Artifice La Finition\" \/>\n<meta property=\"article:modified_time\" content=\"2026-04-20T09:10:02+00:00\" \/>\n<meta property=\"og:image\" content=\"http:\/\/artificelafinition.fr\/fr\/wp-content\/uploads\/2017\/04\/artifice-logo-svg-noir.svg\" \/>\n<meta name=\"twitter:card\" content=\"summary_large_image\" \/>\n<meta name=\"twitter:label1\" content=\"Dur\u00e9e de lecture estim\u00e9e\" \/>\n\t<meta name=\"twitter:data1\" content=\"2 minutes\" \/>\n<script type=\"application\/ld+json\" class=\"yoast-schema-graph\">{\"@context\":\"https:\\\/\\\/schema.org\",\"@graph\":[{\"@type\":\"WebPage\",\"@id\":\"https:\\\/\\\/artificelafinition.fr\\\/fr\\\/\",\"url\":\"https:\\\/\\\/artificelafinition.fr\\\/fr\\\/\",\"name\":\"Accueil - Artifice La Finition\",\"isPartOf\":{\"@id\":\"https:\\\/\\\/artificelafinition.fr\\\/fr\\\/#website\"},\"primaryImageOfPage\":{\"@id\":\"https:\\\/\\\/artificelafinition.fr\\\/fr\\\/#primaryimage\"},\"image\":{\"@id\":\"https:\\\/\\\/artificelafinition.fr\\\/fr\\\/#primaryimage\"},\"thumbnailUrl\":\"http:\\\/\\\/artificelafinition.fr\\\/fr\\\/wp-content\\\/uploads\\\/2017\\\/04\\\/artifice-logo-svg-noir.svg\",\"datePublished\":\"2017-04-18T12:07:31+00:00\",\"dateModified\":\"2026-04-20T09:10:02+00:00\",\"breadcrumb\":{\"@id\":\"https:\\\/\\\/artificelafinition.fr\\\/fr\\\/#breadcrumb\"},\"inLanguage\":\"fr-FR\",\"potentialAction\":[{\"@type\":\"ReadAction\",\"target\":[\"https:\\\/\\\/artificelafinition.fr\\\/fr\\\/\"]}]},{\"@type\":\"ImageObject\",\"inLanguage\":\"fr-FR\",\"@id\":\"https:\\\/\\\/artificelafinition.fr\\\/fr\\\/#primaryimage\",\"url\":\"http:\\\/\\\/artificelafinition.fr\\\/fr\\\/wp-content\\\/uploads\\\/2017\\\/04\\\/artifice-logo-svg-noir.svg\",\"contentUrl\":\"http:\\\/\\\/artificelafinition.fr\\\/fr\\\/wp-content\\\/uploads\\\/2017\\\/04\\\/artifice-logo-svg-noir.svg\"},{\"@type\":\"BreadcrumbList\",\"@id\":\"https:\\\/\\\/artificelafinition.fr\\\/fr\\\/#breadcrumb\",\"itemListElement\":[{\"@type\":\"ListItem\",\"position\":1,\"name\":\"Accueil\",\"item\":\"https:\\\/\\\/artificelafinition.fr\\\/fr\\\/\"},{\"@type\":\"ListItem\",\"position\":2,\"name\":\"Accueil\"}]},{\"@type\":\"WebSite\",\"@id\":\"https:\\\/\\\/artificelafinition.fr\\\/fr\\\/#website\",\"url\":\"https:\\\/\\\/artificelafinition.fr\\\/fr\\\/\",\"name\":\"Artifice La Finition\",\"description\":\"Finitions peintures et vernis\",\"potentialAction\":[{\"@type\":\"SearchAction\",\"target\":{\"@type\":\"EntryPoint\",\"urlTemplate\":\"https:\\\/\\\/artificelafinition.fr\\\/fr\\\/?s={search_term_string}\"},\"query-input\":{\"@type\":\"PropertyValueSpecification\",\"valueRequired\":true,\"valueName\":\"search_term_string\"}}],\"inLanguage\":\"fr-FR\"}]}<\/script>\n<!-- \/ Yoast SEO plugin. -->","yoast_head_json":{"title":"Accueil - Artifice La Finition","robots":{"index":"index","follow":"follow","max-snippet":"max-snippet:-1","max-image-preview":"max-image-preview:large","max-video-preview":"max-video-preview:-1"},"canonical":"\/fr\/wp-json\/wp\/v2\/pages\/2","og_locale":"fr_FR","og_type":"article","og_title":"Accueil - Artifice La Finition","og_description":"La finition est notre art LA PERFORMANCE COMMUNE Vous \u00eates industriel et votre quotidien vous impose des probl\u00e9matiques\u00a0de finition, votre temps \u00e9tant une \u00e9conomie palpable, nous vous proposons\u00a0d&rsquo;en gagner, notre philosophie, r\u00e9ussir ensemble ! Gagner du temps sans sacrifier la qualit\u00e9 d&rsquo;une finition irr\u00e9prochable. &nbsp; Etre partenaires pour mieux gagner ensemble. Pour se donner tous&hellip;","og_url":"https:\/\/artificelafinition.fr\/fr\/","og_site_name":"Artifice La Finition","article_modified_time":"2026-04-20T09:10:02+00:00","og_image":[{"url":"http:\/\/artificelafinition.fr\/fr\/wp-content\/uploads\/2017\/04\/artifice-logo-svg-noir.svg","type":"","width":"","height":""}],"twitter_card":"summary_large_image","twitter_misc":{"Dur\u00e9e de lecture estim\u00e9e":"2 minutes"},"schema":{"@context":"https:\/\/schema.org","@graph":[{"@type":"WebPage","@id":"https:\/\/artificelafinition.fr\/fr\/","url":"https:\/\/artificelafinition.fr\/fr\/","name":"Accueil - Artifice La Finition","isPartOf":{"@id":"https:\/\/artificelafinition.fr\/fr\/#website"},"primaryImageOfPage":{"@id":"https:\/\/artificelafinition.fr\/fr\/#primaryimage"},"image":{"@id":"https:\/\/artificelafinition.fr\/fr\/#primaryimage"},"thumbnailUrl":"http:\/\/artificelafinition.fr\/fr\/wp-content\/uploads\/2017\/04\/artifice-logo-svg-noir.svg","datePublished":"2017-04-18T12:07:31+00:00","dateModified":"2026-04-20T09:10:02+00:00","breadcrumb":{"@id":"https:\/\/artificelafinition.fr\/fr\/#breadcrumb"},"inLanguage":"fr-FR","potentialAction":[{"@type":"ReadAction","target":["https:\/\/artificelafinition.fr\/fr\/"]}]},{"@type":"ImageObject","inLanguage":"fr-FR","@id":"https:\/\/artificelafinition.fr\/fr\/#primaryimage","url":"http:\/\/artificelafinition.fr\/fr\/wp-content\/uploads\/2017\/04\/artifice-logo-svg-noir.svg","contentUrl":"http:\/\/artificelafinition.fr\/fr\/wp-content\/uploads\/2017\/04\/artifice-logo-svg-noir.svg"},{"@type":"BreadcrumbList","@id":"https:\/\/artificelafinition.fr\/fr\/#breadcrumb","itemListElement":[{"@type":"ListItem","position":1,"name":"Accueil","item":"https:\/\/artificelafinition.fr\/fr\/"},{"@type":"ListItem","position":2,"name":"Accueil"}]},{"@type":"WebSite","@id":"https:\/\/artificelafinition.fr\/fr\/#website","url":"https:\/\/artificelafinition.fr\/fr\/","name":"Artifice La Finition","description":"Finitions peintures et vernis","potentialAction":[{"@type":"SearchAction","target":{"@type":"EntryPoint","urlTemplate":"https:\/\/artificelafinition.fr\/fr\/?s={search_term_string}"},"query-input":{"@type":"PropertyValueSpecification","valueRequired":true,"valueName":"search_term_string"}}],"inLanguage":"fr-FR"}]}},"_links":{"self":[{"href":"https:\/\/artificelafinition.fr\/fr\/wp-json\/wp\/v2\/pages\/2","targetHints":{"allow":["GET"]}}],"collection":[{"href":"https:\/\/artificelafinition.fr\/fr\/wp-json\/wp\/v2\/pages"}],"about":[{"href":"https:\/\/artificelafinition.fr\/fr\/wp-json\/wp\/v2\/types\/page"}],"author":[{"embeddable":true,"href":"https:\/\/artificelafinition.fr\/fr\/wp-json\/wp\/v2\/users\/1"}],"replies":[{"embeddable":true,"href":"https:\/\/artificelafinition.fr\/fr\/wp-json\/wp\/v2\/comments?post=2"}],"version-history":[{"count":6,"href":"https:\/\/artificelafinition.fr\/fr\/wp-json\/wp\/v2\/pages\/2\/revisions"}],"predecessor-version":[{"id":1042,"href":"https:\/\/artificelafinition.fr\/fr\/wp-json\/wp\/v2\/pages\/2\/revisions\/1042"}],"wp:attachment":[{"href":"https:\/\/artificelafinition.fr\/fr\/wp-json\/wp\/v2\/media?parent=2"}],"curies":[{"name":"wp","href":"https:\/\/api.w.org\/{rel}","templated":true}]}}