{"id":19,"date":"2017-04-25T07:29:53","date_gmt":"2017-04-25T06:29:53","guid":{"rendered":"http:\/\/artificelafinition.fr\/fr\/?page_id=19"},"modified":"2020-09-24T13:00:47","modified_gmt":"2020-09-24T12:00:47","slug":"7-bonnes-raisons-de-choisir-artifice","status":"publish","type":"page","link":"https:\/\/artificelafinition.fr\/fr\/lentreprise\/7-bonnes-raisons-de-choisir-artifice\/","title":{"rendered":"7 bonnes raisons de choisir Artifice"},"content":{"rendered":"<p>\t<a href=\"http:\/\/www.artificelafinition.fr\/fr\"><img decoding=\"async\" src=\"http:\/\/artificelafinition.fr\/fr\/wp-content\/uploads\/2017\/04\/artifice-logo-svg.svg\" width=\"100%\"><\/a><\/p>\n<h2>\n\t\t7 bonnes raisons de m\u00e9riter votre confiance<br \/>\n\t<\/h2>\n<p>\t\t\t\t<img decoding=\"async\" src=\"http:\/\/artificelafinition.fr\/fr\/wp-content\/uploads\/2017\/04\/1.png\" alt=\"1\" itemprop=\"image\"  \/><\/p>\n<p><strong>LA SOLUTION TECHNIQUE<\/strong><\/p>\n<p>Votre interlocuteur ma\u00eetrise les process li\u00e9s \u00e0 la finition, sur tous types de supports. Il saura apporter une r\u00e9ponse adapt\u00e9e \u00e0 votre probl\u00e9matique.<\/p>\n<p>\t\t\t\t<img decoding=\"async\" src=\"http:\/\/artificelafinition.fr\/fr\/wp-content\/uploads\/2017\/04\/2.png\" alt=\"2\" itemprop=\"image\"  \/><\/p>\n<p><strong>LA LOGISTIQUE<\/strong><\/p>\n<p>Situ\u00e9 au coeur d&rsquo;un secteur industriel attractif en Vend\u00e9e. Artifice b\u00e9n\u00e9ficie de l&rsquo;accessibilit\u00e9 et de la proximit\u00e9 de la M\u00e9tropole Nantaise mais aussi de La Roche sur Yon, Niort, Cholet,Angers&#8230;<\/p>\n<p>\t\t\t\t<img decoding=\"async\" src=\"http:\/\/artificelafinition.fr\/fr\/wp-content\/uploads\/2017\/04\/3.png\" alt=\"3\" itemprop=\"image\"  \/><\/p>\n<p><strong>LES EQUIPEMENTS<\/strong><\/p>\n<p>Avec pour ma\u00eetre mot \u00ab\u00a0La Qualit\u00e9\u00a0\u00bb, les choix technique des cabines pressuris\u00e9es \u00e0 flux vertical de derni\u00e8re g\u00e9n\u00e9ration nous apportent un avantage indiscutable sur le contr\u00f4le de nos finitions, l&rsquo;hygi\u00e8ne et la s\u00e9curit\u00e9 des op\u00e9rateurs.<\/p>\n<p>\t\t\t\t<img decoding=\"async\" src=\"http:\/\/artificelafinition.fr\/fr\/wp-content\/uploads\/2017\/04\/4.png\" alt=\"4\" itemprop=\"image\"  \/><\/p>\n<p><strong>LA QUALITE<\/strong><\/p>\n<p>A chaque \u00e9tape de la production, vos produits subissent une v\u00e9rification pour vous apporter la garantie d&rsquo;une production \u00e0 la hauteur de vos attentes et en respect du cahier des charges.<\/p>\n<p>\t\t\t\t<img decoding=\"async\" src=\"http:\/\/artificelafinition.fr\/fr\/wp-content\/uploads\/2017\/04\/5.png\" alt=\"5\" itemprop=\"image\"  \/><\/p>\n<p><strong>L&rsquo;ECO RESPONSABILITE<\/strong><\/p>\n<p>Dans la cadre d&rsquo;une d\u00e9marche \u00e9co-responsable, l&rsquo;entreprise a fait le choix du tri s\u00e9lectif et d&rsquo;un travail avec ses partenaires pour l&rsquo;utilisation plus large de produits en passe aqueuse.<\/p>\n<p>\t\t\t\t<img decoding=\"async\" src=\"http:\/\/artificelafinition.fr\/fr\/wp-content\/uploads\/2017\/04\/6.png\" alt=\"6\" itemprop=\"image\"  \/><\/p>\n<p><strong>L&rsquo;HUMAIN<\/strong><\/p>\n<p>Une entreprise sous-traitante ne peut fonctionner sans un esprit de corps, toujours \u00e0 la recherche de nouvelles comp\u00e9tences. Nous veillons sur cet esprit d&rsquo;\u00e9quipe pour conserver une qualit\u00e9 de relations avec nos clients et partenaires.<\/p>\n<p>\t\t\t\t<img decoding=\"async\" src=\"http:\/\/artificelafinition.fr\/fr\/wp-content\/uploads\/2017\/04\/7.png\" alt=\"7\" itemprop=\"image\"  \/><\/p>\n<p><strong>LA REACTIVITE<\/strong><\/p>\n<p>2 contacts, 2 interlocuteurs, afin de vous r\u00e9pondre et de vous satisfaire. C&rsquo;est notre priorit\u00e9.<\/p>\n<p>\tARTIFICE \u00a0| \u00a0PA de la Tuilerie &#8211; 26 rue de la Vigne Rouge &#8211;\u00a085260 L&rsquo;HERBERGEMENT \u00a0| \u00a0T\u00e9l. : 02 51 43 30 41\u00a0 | \u00a0Fax : 02 51 42 83 22<\/p>\n<p style=\"text-align: center;\"><a href=\"http:\/\/artificelafinition.fr\/fr\/contacts\/\">Contactez-nous !<\/a><\/p>\n<p><a href=\"http:\/\/artificelafinition.fr\/fr\/lentreprise\/\">Finitions vernis Grand Ouest<\/a> &#8211; <a href=\"http:\/\/artificelafinition.fr\/fr\/nos-finitions\/\">finition laque<\/a> &#8211; <a href=\"http:\/\/artificelafinition.fr\/fr\/nos-finitions\/\">finition grand brillant<\/a> &#8211; <a href=\"http:\/\/artificelafinition.fr\/fr\/nos-finitions\/\">laquage<\/a> &#8211; <a href=\"http:\/\/artificelafinition.fr\/fr\/nos-moyens\/\">vernissage<\/a> &#8211; <a href=\"http:\/\/artificelafinition.fr\/fr\/nos-finitions\/\">finitions peinture<\/a><\/p>\n<p>Tous droits r\u00e9serv\u00e9s ARTIFICE<br \/>\nMentions l\u00e9gales<br \/>\nR\u00e9alisation : Amomenti \/ Agence 71<\/p>\n<p>\t\t\t\t<img decoding=\"async\" src=\"http:\/\/artificelafinition.fr\/fr\/wp-content\/uploads\/2017\/04\/carte-france3.png\" alt=\"carte-france3\" itemprop=\"image\"  \/><\/p>\n","protected":false},"excerpt":{"rendered":"<p>7 bonnes raisons de m\u00e9riter votre confiance LA SOLUTION TECHNIQUE Votre interlocuteur ma\u00eetrise les process li\u00e9s \u00e0 la finition, sur tous types de supports. Il saura apporter une r\u00e9ponse adapt\u00e9e \u00e0 votre probl\u00e9matique. LA LOGISTIQUE Situ\u00e9 au coeur d&rsquo;un secteur industriel attractif en Vend\u00e9e. Artifice b\u00e9n\u00e9ficie de l&rsquo;accessibilit\u00e9 et de la proximit\u00e9 de la M\u00e9tropole&hellip;<\/p>\n","protected":false},"author":1,"featured_media":0,"parent":11,"menu_order":0,"comment_status":"closed","ping_status":"closed","template":"","meta":{"inline_featured_image":false,"footnotes":""},"class_list":["post-19","page","type-page","status-publish","hentry"],"yoast_head":"<!-- This site is optimized with the Yoast SEO plugin v27.5 - https:\/\/yoast.com\/product\/yoast-seo-wordpress\/ -->\n<title>7 bonnes raisons de choisir Artifice - Artifice La Finition<\/title>\n<meta name=\"robots\" content=\"index, follow, max-snippet:-1, max-image-preview:large, max-video-preview:-1\" \/>\n<link rel=\"canonical\" href=\"\/fr\/wp-json\/wp\/v2\/pages\/19\" \/>\n<meta property=\"og:locale\" content=\"fr_FR\" \/>\n<meta property=\"og:type\" content=\"article\" \/>\n<meta property=\"og:title\" content=\"7 bonnes raisons de choisir Artifice - Artifice La Finition\" \/>\n<meta property=\"og:description\" content=\"7 bonnes raisons de m\u00e9riter votre confiance LA SOLUTION TECHNIQUE Votre interlocuteur ma\u00eetrise les process li\u00e9s \u00e0 la finition, sur tous types de supports. Il saura apporter une r\u00e9ponse adapt\u00e9e \u00e0 votre probl\u00e9matique. LA LOGISTIQUE Situ\u00e9 au coeur d&rsquo;un secteur industriel attractif en Vend\u00e9e. Artifice b\u00e9n\u00e9ficie de l&rsquo;accessibilit\u00e9 et de la proximit\u00e9 de la M\u00e9tropole&hellip;\" \/>\n<meta property=\"og:url\" content=\"https:\/\/artificelafinition.fr\/fr\/lentreprise\/7-bonnes-raisons-de-choisir-artifice\/\" \/>\n<meta property=\"og:site_name\" content=\"Artifice La Finition\" \/>\n<meta property=\"article:modified_time\" content=\"2020-09-24T12:00:47+00:00\" \/>\n<meta property=\"og:image\" content=\"http:\/\/artificelafinition.fr\/fr\/wp-content\/uploads\/2017\/04\/artifice-logo-svg.svg\" \/>\n<meta name=\"twitter:card\" content=\"summary_large_image\" \/>\n<meta name=\"twitter:label1\" content=\"Dur\u00e9e de lecture estim\u00e9e\" \/>\n\t<meta name=\"twitter:data1\" content=\"1 minute\" \/>\n<script type=\"application\/ld+json\" class=\"yoast-schema-graph\">{\"@context\":\"https:\\\/\\\/schema.org\",\"@graph\":[{\"@type\":\"WebPage\",\"@id\":\"https:\\\/\\\/artificelafinition.fr\\\/fr\\\/lentreprise\\\/7-bonnes-raisons-de-choisir-artifice\\\/\",\"url\":\"https:\\\/\\\/artificelafinition.fr\\\/fr\\\/lentreprise\\\/7-bonnes-raisons-de-choisir-artifice\\\/\",\"name\":\"7 bonnes raisons de choisir Artifice - Artifice La Finition\",\"isPartOf\":{\"@id\":\"https:\\\/\\\/artificelafinition.fr\\\/fr\\\/#website\"},\"primaryImageOfPage\":{\"@id\":\"https:\\\/\\\/artificelafinition.fr\\\/fr\\\/lentreprise\\\/7-bonnes-raisons-de-choisir-artifice\\\/#primaryimage\"},\"image\":{\"@id\":\"https:\\\/\\\/artificelafinition.fr\\\/fr\\\/lentreprise\\\/7-bonnes-raisons-de-choisir-artifice\\\/#primaryimage\"},\"thumbnailUrl\":\"http:\\\/\\\/artificelafinition.fr\\\/fr\\\/wp-content\\\/uploads\\\/2017\\\/04\\\/artifice-logo-svg.svg\",\"datePublished\":\"2017-04-25T06:29:53+00:00\",\"dateModified\":\"2020-09-24T12:00:47+00:00\",\"breadcrumb\":{\"@id\":\"https:\\\/\\\/artificelafinition.fr\\\/fr\\\/lentreprise\\\/7-bonnes-raisons-de-choisir-artifice\\\/#breadcrumb\"},\"inLanguage\":\"fr-FR\",\"potentialAction\":[{\"@type\":\"ReadAction\",\"target\":[\"https:\\\/\\\/artificelafinition.fr\\\/fr\\\/lentreprise\\\/7-bonnes-raisons-de-choisir-artifice\\\/\"]}]},{\"@type\":\"ImageObject\",\"inLanguage\":\"fr-FR\",\"@id\":\"https:\\\/\\\/artificelafinition.fr\\\/fr\\\/lentreprise\\\/7-bonnes-raisons-de-choisir-artifice\\\/#primaryimage\",\"url\":\"http:\\\/\\\/artificelafinition.fr\\\/fr\\\/wp-content\\\/uploads\\\/2017\\\/04\\\/artifice-logo-svg.svg\",\"contentUrl\":\"http:\\\/\\\/artificelafinition.fr\\\/fr\\\/wp-content\\\/uploads\\\/2017\\\/04\\\/artifice-logo-svg.svg\"},{\"@type\":\"BreadcrumbList\",\"@id\":\"https:\\\/\\\/artificelafinition.fr\\\/fr\\\/lentreprise\\\/7-bonnes-raisons-de-choisir-artifice\\\/#breadcrumb\",\"itemListElement\":[{\"@type\":\"ListItem\",\"position\":1,\"name\":\"Accueil\",\"item\":\"https:\\\/\\\/artificelafinition.fr\\\/fr\\\/\"},{\"@type\":\"ListItem\",\"position\":2,\"name\":\"L&rsquo;entreprise\",\"item\":\"https:\\\/\\\/artificelafinition.fr\\\/fr\\\/lentreprise\\\/\"},{\"@type\":\"ListItem\",\"position\":3,\"name\":\"7 bonnes raisons de choisir Artifice\"}]},{\"@type\":\"WebSite\",\"@id\":\"https:\\\/\\\/artificelafinition.fr\\\/fr\\\/#website\",\"url\":\"https:\\\/\\\/artificelafinition.fr\\\/fr\\\/\",\"name\":\"Artifice La Finition\",\"description\":\"Finitions peintures et vernis\",\"potentialAction\":[{\"@type\":\"SearchAction\",\"target\":{\"@type\":\"EntryPoint\",\"urlTemplate\":\"https:\\\/\\\/artificelafinition.fr\\\/fr\\\/?s={search_term_string}\"},\"query-input\":{\"@type\":\"PropertyValueSpecification\",\"valueRequired\":true,\"valueName\":\"search_term_string\"}}],\"inLanguage\":\"fr-FR\"}]}<\/script>\n<!-- \/ Yoast SEO plugin. -->","yoast_head_json":{"title":"7 bonnes raisons de choisir Artifice - Artifice La Finition","robots":{"index":"index","follow":"follow","max-snippet":"max-snippet:-1","max-image-preview":"max-image-preview:large","max-video-preview":"max-video-preview:-1"},"canonical":"\/fr\/wp-json\/wp\/v2\/pages\/19","og_locale":"fr_FR","og_type":"article","og_title":"7 bonnes raisons de choisir Artifice - Artifice La Finition","og_description":"7 bonnes raisons de m\u00e9riter votre confiance LA SOLUTION TECHNIQUE Votre interlocuteur ma\u00eetrise les process li\u00e9s \u00e0 la finition, sur tous types de supports. Il saura apporter une r\u00e9ponse adapt\u00e9e \u00e0 votre probl\u00e9matique. LA LOGISTIQUE Situ\u00e9 au coeur d&rsquo;un secteur industriel attractif en Vend\u00e9e. Artifice b\u00e9n\u00e9ficie de l&rsquo;accessibilit\u00e9 et de la proximit\u00e9 de la M\u00e9tropole&hellip;","og_url":"https:\/\/artificelafinition.fr\/fr\/lentreprise\/7-bonnes-raisons-de-choisir-artifice\/","og_site_name":"Artifice La Finition","article_modified_time":"2020-09-24T12:00:47+00:00","og_image":[{"url":"http:\/\/artificelafinition.fr\/fr\/wp-content\/uploads\/2017\/04\/artifice-logo-svg.svg","type":"","width":"","height":""}],"twitter_card":"summary_large_image","twitter_misc":{"Dur\u00e9e de lecture estim\u00e9e":"1 minute"},"schema":{"@context":"https:\/\/schema.org","@graph":[{"@type":"WebPage","@id":"https:\/\/artificelafinition.fr\/fr\/lentreprise\/7-bonnes-raisons-de-choisir-artifice\/","url":"https:\/\/artificelafinition.fr\/fr\/lentreprise\/7-bonnes-raisons-de-choisir-artifice\/","name":"7 bonnes raisons de choisir Artifice - Artifice La Finition","isPartOf":{"@id":"https:\/\/artificelafinition.fr\/fr\/#website"},"primaryImageOfPage":{"@id":"https:\/\/artificelafinition.fr\/fr\/lentreprise\/7-bonnes-raisons-de-choisir-artifice\/#primaryimage"},"image":{"@id":"https:\/\/artificelafinition.fr\/fr\/lentreprise\/7-bonnes-raisons-de-choisir-artifice\/#primaryimage"},"thumbnailUrl":"http:\/\/artificelafinition.fr\/fr\/wp-content\/uploads\/2017\/04\/artifice-logo-svg.svg","datePublished":"2017-04-25T06:29:53+00:00","dateModified":"2020-09-24T12:00:47+00:00","breadcrumb":{"@id":"https:\/\/artificelafinition.fr\/fr\/lentreprise\/7-bonnes-raisons-de-choisir-artifice\/#breadcrumb"},"inLanguage":"fr-FR","potentialAction":[{"@type":"ReadAction","target":["https:\/\/artificelafinition.fr\/fr\/lentreprise\/7-bonnes-raisons-de-choisir-artifice\/"]}]},{"@type":"ImageObject","inLanguage":"fr-FR","@id":"https:\/\/artificelafinition.fr\/fr\/lentreprise\/7-bonnes-raisons-de-choisir-artifice\/#primaryimage","url":"http:\/\/artificelafinition.fr\/fr\/wp-content\/uploads\/2017\/04\/artifice-logo-svg.svg","contentUrl":"http:\/\/artificelafinition.fr\/fr\/wp-content\/uploads\/2017\/04\/artifice-logo-svg.svg"},{"@type":"BreadcrumbList","@id":"https:\/\/artificelafinition.fr\/fr\/lentreprise\/7-bonnes-raisons-de-choisir-artifice\/#breadcrumb","itemListElement":[{"@type":"ListItem","position":1,"name":"Accueil","item":"https:\/\/artificelafinition.fr\/fr\/"},{"@type":"ListItem","position":2,"name":"L&rsquo;entreprise","item":"https:\/\/artificelafinition.fr\/fr\/lentreprise\/"},{"@type":"ListItem","position":3,"name":"7 bonnes raisons de choisir Artifice"}]},{"@type":"WebSite","@id":"https:\/\/artificelafinition.fr\/fr\/#website","url":"https:\/\/artificelafinition.fr\/fr\/","name":"Artifice La Finition","description":"Finitions peintures et vernis","potentialAction":[{"@type":"SearchAction","target":{"@type":"EntryPoint","urlTemplate":"https:\/\/artificelafinition.fr\/fr\/?s={search_term_string}"},"query-input":{"@type":"PropertyValueSpecification","valueRequired":true,"valueName":"search_term_string"}}],"inLanguage":"fr-FR"}]}},"_links":{"self":[{"href":"https:\/\/artificelafinition.fr\/fr\/wp-json\/wp\/v2\/pages\/19","targetHints":{"allow":["GET"]}}],"collection":[{"href":"https:\/\/artificelafinition.fr\/fr\/wp-json\/wp\/v2\/pages"}],"about":[{"href":"https:\/\/artificelafinition.fr\/fr\/wp-json\/wp\/v2\/types\/page"}],"author":[{"embeddable":true,"href":"https:\/\/artificelafinition.fr\/fr\/wp-json\/wp\/v2\/users\/1"}],"replies":[{"embeddable":true,"href":"https:\/\/artificelafinition.fr\/fr\/wp-json\/wp\/v2\/comments?post=19"}],"version-history":[{"count":0,"href":"https:\/\/artificelafinition.fr\/fr\/wp-json\/wp\/v2\/pages\/19\/revisions"}],"up":[{"embeddable":true,"href":"https:\/\/artificelafinition.fr\/fr\/wp-json\/wp\/v2\/pages\/11"}],"wp:attachment":[{"href":"https:\/\/artificelafinition.fr\/fr\/wp-json\/wp\/v2\/media?parent=19"}],"curies":[{"name":"wp","href":"https:\/\/api.w.org\/{rel}","templated":true}]}}