{"id":13,"date":"2017-04-25T07:28:51","date_gmt":"2017-04-25T06:28:51","guid":{"rendered":"http:\/\/artificelafinition.fr\/fr\/?page_id=13"},"modified":"2018-01-28T19:47:00","modified_gmt":"2018-01-28T18:47:00","slug":"nos-moyens","status":"publish","type":"page","link":"https:\/\/artificelafinition.fr\/fr\/nos-moyens\/","title":{"rendered":"Nos moyens"},"content":{"rendered":"<p>\t<a href=\"http:\/\/www.artificelafinition.fr\/fr\"><img decoding=\"async\" src=\"http:\/\/artificelafinition.fr\/fr\/wp-content\/uploads\/2017\/04\/artifice-logo-svg.svg\" width=\"100%\"><\/a><\/p>\n<h1>\n\t\tUn outil performant \u00e0 votre disposition<br \/>\n\t<\/h1>\n<p>S\u2019appuyant sur un savoir faire reconnu, Artifice, met en \u0153uvre les solutions optimales pour r\u00e9pondre aux exigences de productions de petites et\u00a0moyennes s\u00e9ries.<\/p>\n<p>Nous disposons de trois cabines de <strong>vernissage<\/strong> qui ont respectivement 90 m2, 55 M2 et 25 M2 ainsi que d\u2019un laboratoire de pr\u00e9paration pour chaque cabine. Les cabines permettent un traitement exceptionnel de la poussi\u00e8re et de l\u2019humidit\u00e9, l\u2019avance technologique de ces cabines nous permet de travailler dans une atmosph\u00e8re compl\u00e8tement hors poussi\u00e8re et \u00e0 bonne temp\u00e9rature en pr\u00e9levant et en chauffant l\u2019air \u00e0 l\u2019ext\u00e9rieur de l\u2019installation.<\/p>\n<p>De l\u2019\u00e9tude de votre projet \u00e0 la livraison de votre commande vous aurez des interlocuteurs d\u2019une grande comp\u00e9tence technique qui sauront vous conseiller.<\/p>\n<p>Une \u00e9quipe qualifi\u00e9e associ\u00e9e \u00e0 un \u00e9quipement adapt\u00e9 r\u00e9pondra \u00e0 vos obligations de qualit\u00e9 et de performances en R\u00e9gion Parisienne, dans le Grand Ouest et dans les Pays de la Loire.<\/p>\n<blockquote>\n<p>Des hommes et des femmes tourn\u00e9s vers le r\u00e9sultat final<\/p>\n<\/blockquote>\n<h2>Produits utilis\u00e9s<\/h2>\n<p>Dans le cadre d\u2019une d\u00e9marche \u00e9co responsable, l\u2019entreprise\u00a0a fait le choix du tri s\u00e9lectif, ainsi qu\u2019un travail de recherche avec ses partenaires pour l\u2019utilisation plus large de produits en phase aqueuse.<\/p>\n<p>\t\t\t\t<img loading=\"lazy\" decoding=\"async\" src=\"http:\/\/artificelafinition.fr\/fr\/wp-content\/uploads\/2017\/04\/artifice_salles2.jpg\" alt=\"artifice_salles2\" itemprop=\"image\" height=\"371\" width=\"600\"  \/><br \/>\n\t\t\t\t<img loading=\"lazy\" decoding=\"async\" src=\"http:\/\/artificelafinition.fr\/fr\/wp-content\/uploads\/2017\/04\/artifice_geste.jpg\" alt=\"artifice_geste\" itemprop=\"image\" height=\"600\" width=\"488\"  \/><br \/>\n\tARTIFICE \u00a0| \u00a0PA de la Tuilerie &#8211; 26 rue de la Vigne Rouge &#8211;\u00a085260 L&rsquo;HERBERGEMENT \u00a0| \u00a0T\u00e9l. : 02 51 43 30 41\u00a0 | \u00a0Fax : 02 51 42 83 22<\/p>\n<p style=\"text-align: center;\"><a href=\"http:\/\/artificelafinition.fr\/fr\/contacts\/\">Contactez-nous !<\/a><\/p>\n<p><a href=\"http:\/\/artificelafinition.fr\/fr\/lentreprise\/\">Finitions vernis Grand Ouest<\/a> &#8211; <a href=\"http:\/\/artificelafinition.fr\/fr\/nos-finitions\/\">finition laque<\/a> &#8211; <a href=\"http:\/\/artificelafinition.fr\/fr\/nos-finitions\/\">finition grand brillant<\/a> &#8211; <a href=\"http:\/\/artificelafinition.fr\/fr\/nos-finitions\/\">laquage<\/a> &#8211; <a href=\"http:\/\/artificelafinition.fr\/fr\/nos-moyens\/\">vernissage<\/a> &#8211; <a href=\"http:\/\/artificelafinition.fr\/fr\/nos-finitions\/\">finitions peinture<\/a><\/p>\n<p>Tous droits r\u00e9serv\u00e9s ARTIFICE<br \/>\nMentions l\u00e9gales<br \/>\nR\u00e9alisation : Amomenti \/ Agence 71<\/p>\n<p>\t\t\t\t<img loading=\"lazy\" decoding=\"async\" src=\"http:\/\/artificelafinition.fr\/fr\/wp-content\/uploads\/2017\/04\/carte-france3.png\" alt=\"carte-france3\" itemprop=\"image\" height=\"400\" width=\"500\"  \/><\/p>\n","protected":false},"excerpt":{"rendered":"<p>Un outil performant \u00e0 votre disposition S\u2019appuyant sur un savoir faire reconnu, Artifice, met en \u0153uvre les solutions optimales pour r\u00e9pondre aux exigences de productions de petites et\u00a0moyennes s\u00e9ries. Nous disposons de trois cabines de vernissage qui ont respectivement 90 m2, 55 M2 et 25 M2 ainsi que d\u2019un laboratoire de pr\u00e9paration pour chaque cabine.&hellip;<\/p>\n","protected":false},"author":1,"featured_media":0,"parent":0,"menu_order":0,"comment_status":"closed","ping_status":"closed","template":"","meta":{"inline_featured_image":false,"footnotes":""},"class_list":["post-13","page","type-page","status-publish","hentry"],"yoast_head":"<!-- This site is optimized with the Yoast SEO plugin v27.4 - https:\/\/yoast.com\/product\/yoast-seo-wordpress\/ -->\n<title>Nos moyens - Artifice La Finition<\/title>\n<meta name=\"robots\" content=\"index, follow, max-snippet:-1, max-image-preview:large, max-video-preview:-1\" \/>\n<link rel=\"canonical\" href=\"\/fr\/wp-json\/wp\/v2\/pages\/13\" \/>\n<meta property=\"og:locale\" content=\"fr_FR\" \/>\n<meta property=\"og:type\" content=\"article\" \/>\n<meta property=\"og:title\" content=\"Nos moyens - Artifice La Finition\" \/>\n<meta property=\"og:description\" content=\"Un outil performant \u00e0 votre disposition S\u2019appuyant sur un savoir faire reconnu, Artifice, met en \u0153uvre les solutions optimales pour r\u00e9pondre aux exigences de productions de petites et\u00a0moyennes s\u00e9ries. Nous disposons de trois cabines de vernissage qui ont respectivement 90 m2, 55 M2 et 25 M2 ainsi que d\u2019un laboratoire de pr\u00e9paration pour chaque cabine.&hellip;\" \/>\n<meta property=\"og:url\" content=\"https:\/\/artificelafinition.fr\/fr\/nos-moyens\/\" \/>\n<meta property=\"og:site_name\" content=\"Artifice La Finition\" \/>\n<meta property=\"article:modified_time\" content=\"2018-01-28T18:47:00+00:00\" \/>\n<meta property=\"og:image\" content=\"http:\/\/artificelafinition.fr\/fr\/wp-content\/uploads\/2017\/04\/artifice-logo-svg.svg\" \/>\n<meta name=\"twitter:card\" content=\"summary_large_image\" \/>\n<meta name=\"twitter:label1\" content=\"Dur\u00e9e de lecture estim\u00e9e\" \/>\n\t<meta name=\"twitter:data1\" content=\"1 minute\" \/>\n<script type=\"application\/ld+json\" class=\"yoast-schema-graph\">{\"@context\":\"https:\\\/\\\/schema.org\",\"@graph\":[{\"@type\":\"WebPage\",\"@id\":\"https:\\\/\\\/artificelafinition.fr\\\/fr\\\/nos-moyens\\\/\",\"url\":\"https:\\\/\\\/artificelafinition.fr\\\/fr\\\/nos-moyens\\\/\",\"name\":\"Nos moyens - Artifice La Finition\",\"isPartOf\":{\"@id\":\"https:\\\/\\\/artificelafinition.fr\\\/fr\\\/#website\"},\"primaryImageOfPage\":{\"@id\":\"https:\\\/\\\/artificelafinition.fr\\\/fr\\\/nos-moyens\\\/#primaryimage\"},\"image\":{\"@id\":\"https:\\\/\\\/artificelafinition.fr\\\/fr\\\/nos-moyens\\\/#primaryimage\"},\"thumbnailUrl\":\"http:\\\/\\\/artificelafinition.fr\\\/fr\\\/wp-content\\\/uploads\\\/2017\\\/04\\\/artifice-logo-svg.svg\",\"datePublished\":\"2017-04-25T06:28:51+00:00\",\"dateModified\":\"2018-01-28T18:47:00+00:00\",\"breadcrumb\":{\"@id\":\"https:\\\/\\\/artificelafinition.fr\\\/fr\\\/nos-moyens\\\/#breadcrumb\"},\"inLanguage\":\"fr-FR\",\"potentialAction\":[{\"@type\":\"ReadAction\",\"target\":[\"https:\\\/\\\/artificelafinition.fr\\\/fr\\\/nos-moyens\\\/\"]}]},{\"@type\":\"ImageObject\",\"inLanguage\":\"fr-FR\",\"@id\":\"https:\\\/\\\/artificelafinition.fr\\\/fr\\\/nos-moyens\\\/#primaryimage\",\"url\":\"http:\\\/\\\/artificelafinition.fr\\\/fr\\\/wp-content\\\/uploads\\\/2017\\\/04\\\/artifice-logo-svg.svg\",\"contentUrl\":\"http:\\\/\\\/artificelafinition.fr\\\/fr\\\/wp-content\\\/uploads\\\/2017\\\/04\\\/artifice-logo-svg.svg\"},{\"@type\":\"BreadcrumbList\",\"@id\":\"https:\\\/\\\/artificelafinition.fr\\\/fr\\\/nos-moyens\\\/#breadcrumb\",\"itemListElement\":[{\"@type\":\"ListItem\",\"position\":1,\"name\":\"Accueil\",\"item\":\"https:\\\/\\\/artificelafinition.fr\\\/fr\\\/\"},{\"@type\":\"ListItem\",\"position\":2,\"name\":\"Nos moyens\"}]},{\"@type\":\"WebSite\",\"@id\":\"https:\\\/\\\/artificelafinition.fr\\\/fr\\\/#website\",\"url\":\"https:\\\/\\\/artificelafinition.fr\\\/fr\\\/\",\"name\":\"Artifice La Finition\",\"description\":\"Finitions peintures et vernis\",\"potentialAction\":[{\"@type\":\"SearchAction\",\"target\":{\"@type\":\"EntryPoint\",\"urlTemplate\":\"https:\\\/\\\/artificelafinition.fr\\\/fr\\\/?s={search_term_string}\"},\"query-input\":{\"@type\":\"PropertyValueSpecification\",\"valueRequired\":true,\"valueName\":\"search_term_string\"}}],\"inLanguage\":\"fr-FR\"}]}<\/script>\n<!-- \/ Yoast SEO plugin. -->","yoast_head_json":{"title":"Nos moyens - Artifice La Finition","robots":{"index":"index","follow":"follow","max-snippet":"max-snippet:-1","max-image-preview":"max-image-preview:large","max-video-preview":"max-video-preview:-1"},"canonical":"\/fr\/wp-json\/wp\/v2\/pages\/13","og_locale":"fr_FR","og_type":"article","og_title":"Nos moyens - Artifice La Finition","og_description":"Un outil performant \u00e0 votre disposition S\u2019appuyant sur un savoir faire reconnu, Artifice, met en \u0153uvre les solutions optimales pour r\u00e9pondre aux exigences de productions de petites et\u00a0moyennes s\u00e9ries. Nous disposons de trois cabines de vernissage qui ont respectivement 90 m2, 55 M2 et 25 M2 ainsi que d\u2019un laboratoire de pr\u00e9paration pour chaque cabine.&hellip;","og_url":"https:\/\/artificelafinition.fr\/fr\/nos-moyens\/","og_site_name":"Artifice La Finition","article_modified_time":"2018-01-28T18:47:00+00:00","og_image":[{"url":"http:\/\/artificelafinition.fr\/fr\/wp-content\/uploads\/2017\/04\/artifice-logo-svg.svg","type":"","width":"","height":""}],"twitter_card":"summary_large_image","twitter_misc":{"Dur\u00e9e de lecture estim\u00e9e":"1 minute"},"schema":{"@context":"https:\/\/schema.org","@graph":[{"@type":"WebPage","@id":"https:\/\/artificelafinition.fr\/fr\/nos-moyens\/","url":"https:\/\/artificelafinition.fr\/fr\/nos-moyens\/","name":"Nos moyens - Artifice La Finition","isPartOf":{"@id":"https:\/\/artificelafinition.fr\/fr\/#website"},"primaryImageOfPage":{"@id":"https:\/\/artificelafinition.fr\/fr\/nos-moyens\/#primaryimage"},"image":{"@id":"https:\/\/artificelafinition.fr\/fr\/nos-moyens\/#primaryimage"},"thumbnailUrl":"http:\/\/artificelafinition.fr\/fr\/wp-content\/uploads\/2017\/04\/artifice-logo-svg.svg","datePublished":"2017-04-25T06:28:51+00:00","dateModified":"2018-01-28T18:47:00+00:00","breadcrumb":{"@id":"https:\/\/artificelafinition.fr\/fr\/nos-moyens\/#breadcrumb"},"inLanguage":"fr-FR","potentialAction":[{"@type":"ReadAction","target":["https:\/\/artificelafinition.fr\/fr\/nos-moyens\/"]}]},{"@type":"ImageObject","inLanguage":"fr-FR","@id":"https:\/\/artificelafinition.fr\/fr\/nos-moyens\/#primaryimage","url":"http:\/\/artificelafinition.fr\/fr\/wp-content\/uploads\/2017\/04\/artifice-logo-svg.svg","contentUrl":"http:\/\/artificelafinition.fr\/fr\/wp-content\/uploads\/2017\/04\/artifice-logo-svg.svg"},{"@type":"BreadcrumbList","@id":"https:\/\/artificelafinition.fr\/fr\/nos-moyens\/#breadcrumb","itemListElement":[{"@type":"ListItem","position":1,"name":"Accueil","item":"https:\/\/artificelafinition.fr\/fr\/"},{"@type":"ListItem","position":2,"name":"Nos moyens"}]},{"@type":"WebSite","@id":"https:\/\/artificelafinition.fr\/fr\/#website","url":"https:\/\/artificelafinition.fr\/fr\/","name":"Artifice La Finition","description":"Finitions peintures et vernis","potentialAction":[{"@type":"SearchAction","target":{"@type":"EntryPoint","urlTemplate":"https:\/\/artificelafinition.fr\/fr\/?s={search_term_string}"},"query-input":{"@type":"PropertyValueSpecification","valueRequired":true,"valueName":"search_term_string"}}],"inLanguage":"fr-FR"}]}},"_links":{"self":[{"href":"https:\/\/artificelafinition.fr\/fr\/wp-json\/wp\/v2\/pages\/13","targetHints":{"allow":["GET"]}}],"collection":[{"href":"https:\/\/artificelafinition.fr\/fr\/wp-json\/wp\/v2\/pages"}],"about":[{"href":"https:\/\/artificelafinition.fr\/fr\/wp-json\/wp\/v2\/types\/page"}],"author":[{"embeddable":true,"href":"https:\/\/artificelafinition.fr\/fr\/wp-json\/wp\/v2\/users\/1"}],"replies":[{"embeddable":true,"href":"https:\/\/artificelafinition.fr\/fr\/wp-json\/wp\/v2\/comments?post=13"}],"version-history":[{"count":0,"href":"https:\/\/artificelafinition.fr\/fr\/wp-json\/wp\/v2\/pages\/13\/revisions"}],"wp:attachment":[{"href":"https:\/\/artificelafinition.fr\/fr\/wp-json\/wp\/v2\/media?parent=13"}],"curies":[{"name":"wp","href":"https:\/\/api.w.org\/{rel}","templated":true}]}}