{"id":11,"date":"2017-04-25T07:28:38","date_gmt":"2017-04-25T06:28:38","guid":{"rendered":"http:\/\/artificelafinition.fr\/fr\/?page_id=11"},"modified":"2025-03-10T17:32:44","modified_gmt":"2025-03-10T16:32:44","slug":"lentreprise","status":"publish","type":"page","link":"https:\/\/artificelafinition.fr\/fr\/lentreprise\/","title":{"rendered":"L&rsquo;entreprise"},"content":{"rendered":"\n\n\t<a href=\"http:\/\/www.artificelafinition.fr\/fr\"><img decoding=\"async\" src=\"http:\/\/artificelafinition.fr\/fr\/wp-content\/uploads\/2017\/04\/artifice-logo-svg.svg\" width=\"100%\"\/><\/a>\n<h1>\n\t\tsp\u00e9cialiste en vernissage et laquage\n\t<\/h1>\n\t<p><strong>Le sp\u00e9cialiste de la finition sur tous supports dans l&rsquo;Ouest de la France, \u00e0 votre service depuis plus de 20 ans.<\/strong><\/p>\n<p>Install\u00e9 depuis 2012 au coeur de la Vend\u00e9e dynamique, Zone industrielle de la Vigne Rouge \u00e0 L&rsquo;Herbergement.<\/p>\n<p>Nouvelle installation, nouveaux \u00e9quipements, nouveaux d\u00e9fis, nous n&rsquo;avons pas manqu\u00e9 d&rsquo;investir dans les derni\u00e8res technologies pour r\u00e9pondre de fa\u00e7on efficace \u00e0 l&rsquo;exigence de vos march\u00e9s d&rsquo;aujourd&rsquo;hui.<\/p>\n<p>Toujours plus d&rsquo;innovations en mati\u00e8re de finition, sans jamais oublier les fondamentaux de notre m\u00e9tier. Le produit fini est bien souvent le r\u00e9sultat d&rsquo;une alchimie o\u00f9 la r\u00e9flexion et la pr\u00e9paration restent essentielles. C&rsquo;est pourquoi en 2019 nous avons franchi une \u00e9tape importante dans le d\u00e9veloppement en investissant dans une polylustreuse et une egreneuse.<\/p>\n<p>Ces investissements visaient \u00e0 moderniser et am\u00e9liorer la qualit\u00e9 de nos produits afin de renforcer notre comp\u00e9titivit\u00e9 sur le march\u00e9.<\/p>\n<p>&nbsp;<\/p>\n<p><strong>Contretypage, petite, moyenne, grande s\u00e9rie<\/strong>, notre organisation et nos \u00e9quipes s&rsquo;adaptent et se dimensionnent suivant vos besoins pour vous apporter de la qualit\u00e9.<\/p>\n\t\t\t\t<img decoding=\"async\" src=\"http:\/\/artificelafinition.fr\/fr\/wp-content\/uploads\/2017\/04\/metiers-secteurs.png\" alt=\"metiers-secteurs\" itemprop=\"image\" title=\"metiers-secteurs\" onerror=\"this.style.display='none'\"  \/>\n\t\t\t\t<img decoding=\"async\" src=\"http:\/\/artificelafinition.fr\/fr\/wp-content\/uploads\/2017\/04\/artifice_salles.jpg\" alt=\"artifice_salles\" itemprop=\"image\" title=\"artifice_salles\" onerror=\"this.style.display='none'\"  \/>\n\t\t\t\t<img decoding=\"async\" src=\"http:\/\/artificelafinition.fr\/fr\/wp-content\/uploads\/2017\/04\/artifice_batiment.jpg\" alt=\"artifice_batiment\" itemprop=\"image\" title=\"artifice_batiment\" onerror=\"this.style.display='none'\"  \/>\n\t\t\t\t<img decoding=\"async\" src=\"http:\/\/artificelafinition.fr\/fr\/wp-content\/uploads\/2017\/04\/artifice_serie.jpg\" alt=\"artifice_serie\" itemprop=\"image\" title=\"artifice_serie\" onerror=\"this.style.display='none'\"  \/>\n\tARTIFICE \u00a0| \u00a0PA de la Tuilerie &#8211; 26 rue de la Vigne Rouge &#8211;\u00a085260 L&rsquo;HERBERGEMENT \u00a0| \u00a0T\u00e9l. : 02 51 43 30 41\u00a0 | \u00a0Fax : 02 51 42 83 22\n\t<p><a href=\"http:\/\/artificelafinition.fr\/fr\/contacts\/\">Contactez-nous !<\/a><\/p>\n\t<p><a href=\"http:\/\/artificelafinition.fr\/fr\/lentreprise\/\">Finitions vernis Grand Ouest<\/a> &#8211; <a href=\"http:\/\/artificelafinition.fr\/fr\/nos-finitions\/\">finition laque<\/a> &#8211; <a href=\"http:\/\/artificelafinition.fr\/fr\/nos-finitions\/\">finition grand brillant<\/a> &#8211; <a href=\"http:\/\/artificelafinition.fr\/fr\/nos-finitions\/\">laquage<\/a> &#8211; <a href=\"http:\/\/artificelafinition.fr\/fr\/nos-moyens\/\">vernissage<\/a> &#8211; <a href=\"http:\/\/artificelafinition.fr\/fr\/nos-finitions\/\">finitions peinture<\/a><\/p>\n\tTous droits r\u00e9serv\u00e9s ARTIFICE<br \/>\nMentions l\u00e9gales<br \/>\nR\u00e9alisation : Amomenti \/ Agence 71\n\t\t\t\t<img decoding=\"async\" src=\"http:\/\/artificelafinition.fr\/fr\/wp-content\/uploads\/2017\/04\/carte-france3.png\" alt=\"carte-france3\" itemprop=\"image\" title=\"carte-france3\" onerror=\"this.style.display='none'\"  \/>\n\n","protected":false},"excerpt":{"rendered":"<p>sp\u00e9cialiste en vernissage et laquage Le sp\u00e9cialiste de la finition sur tous supports dans l&rsquo;Ouest de la France, \u00e0 votre service depuis plus de 20 ans. Install\u00e9 depuis 2012 au coeur de la Vend\u00e9e dynamique, Zone industrielle de la Vigne Rouge \u00e0 L&rsquo;Herbergement. Nouvelle installation, nouveaux \u00e9quipements, nouveaux d\u00e9fis, nous n&rsquo;avons pas manqu\u00e9 d&rsquo;investir dans&hellip;<\/p>\n","protected":false},"author":1,"featured_media":0,"parent":0,"menu_order":0,"comment_status":"closed","ping_status":"closed","template":"","meta":{"inline_featured_image":false,"footnotes":""},"class_list":["post-11","page","type-page","status-publish","hentry"],"yoast_head":"<!-- This site is optimized with the Yoast SEO plugin v27.4 - https:\/\/yoast.com\/product\/yoast-seo-wordpress\/ -->\n<title>L&#039;entreprise - Artifice La Finition<\/title>\n<meta name=\"robots\" content=\"index, follow, max-snippet:-1, max-image-preview:large, max-video-preview:-1\" \/>\n<link rel=\"canonical\" href=\"\/fr\/wp-json\/wp\/v2\/pages\/11\" \/>\n<meta property=\"og:locale\" content=\"fr_FR\" \/>\n<meta property=\"og:type\" content=\"article\" \/>\n<meta property=\"og:title\" content=\"L&#039;entreprise - Artifice La Finition\" \/>\n<meta property=\"og:description\" content=\"sp\u00e9cialiste en vernissage et laquage Le sp\u00e9cialiste de la finition sur tous supports dans l&rsquo;Ouest de la France, \u00e0 votre service depuis plus de 20 ans. Install\u00e9 depuis 2012 au coeur de la Vend\u00e9e dynamique, Zone industrielle de la Vigne Rouge \u00e0 L&rsquo;Herbergement. Nouvelle installation, nouveaux \u00e9quipements, nouveaux d\u00e9fis, nous n&rsquo;avons pas manqu\u00e9 d&rsquo;investir dans&hellip;\" \/>\n<meta property=\"og:url\" content=\"https:\/\/artificelafinition.fr\/fr\/lentreprise\/\" \/>\n<meta property=\"og:site_name\" content=\"Artifice La Finition\" \/>\n<meta property=\"article:modified_time\" content=\"2025-03-10T16:32:44+00:00\" \/>\n<meta property=\"og:image\" content=\"http:\/\/artificelafinition.fr\/fr\/wp-content\/uploads\/2017\/04\/artifice-logo-svg.svg\" \/>\n<meta name=\"twitter:card\" content=\"summary_large_image\" \/>\n<meta name=\"twitter:label1\" content=\"Dur\u00e9e de lecture estim\u00e9e\" \/>\n\t<meta name=\"twitter:data1\" content=\"1 minute\" \/>\n<script type=\"application\/ld+json\" class=\"yoast-schema-graph\">{\"@context\":\"https:\\\/\\\/schema.org\",\"@graph\":[{\"@type\":\"WebPage\",\"@id\":\"https:\\\/\\\/artificelafinition.fr\\\/fr\\\/lentreprise\\\/\",\"url\":\"https:\\\/\\\/artificelafinition.fr\\\/fr\\\/lentreprise\\\/\",\"name\":\"L'entreprise - Artifice La Finition\",\"isPartOf\":{\"@id\":\"https:\\\/\\\/artificelafinition.fr\\\/fr\\\/#website\"},\"primaryImageOfPage\":{\"@id\":\"https:\\\/\\\/artificelafinition.fr\\\/fr\\\/lentreprise\\\/#primaryimage\"},\"image\":{\"@id\":\"https:\\\/\\\/artificelafinition.fr\\\/fr\\\/lentreprise\\\/#primaryimage\"},\"thumbnailUrl\":\"http:\\\/\\\/artificelafinition.fr\\\/fr\\\/wp-content\\\/uploads\\\/2017\\\/04\\\/artifice-logo-svg.svg\",\"datePublished\":\"2017-04-25T06:28:38+00:00\",\"dateModified\":\"2025-03-10T16:32:44+00:00\",\"breadcrumb\":{\"@id\":\"https:\\\/\\\/artificelafinition.fr\\\/fr\\\/lentreprise\\\/#breadcrumb\"},\"inLanguage\":\"fr-FR\",\"potentialAction\":[{\"@type\":\"ReadAction\",\"target\":[\"https:\\\/\\\/artificelafinition.fr\\\/fr\\\/lentreprise\\\/\"]}]},{\"@type\":\"ImageObject\",\"inLanguage\":\"fr-FR\",\"@id\":\"https:\\\/\\\/artificelafinition.fr\\\/fr\\\/lentreprise\\\/#primaryimage\",\"url\":\"http:\\\/\\\/artificelafinition.fr\\\/fr\\\/wp-content\\\/uploads\\\/2017\\\/04\\\/artifice-logo-svg.svg\",\"contentUrl\":\"http:\\\/\\\/artificelafinition.fr\\\/fr\\\/wp-content\\\/uploads\\\/2017\\\/04\\\/artifice-logo-svg.svg\"},{\"@type\":\"BreadcrumbList\",\"@id\":\"https:\\\/\\\/artificelafinition.fr\\\/fr\\\/lentreprise\\\/#breadcrumb\",\"itemListElement\":[{\"@type\":\"ListItem\",\"position\":1,\"name\":\"Accueil\",\"item\":\"https:\\\/\\\/artificelafinition.fr\\\/fr\\\/\"},{\"@type\":\"ListItem\",\"position\":2,\"name\":\"L&rsquo;entreprise\"}]},{\"@type\":\"WebSite\",\"@id\":\"https:\\\/\\\/artificelafinition.fr\\\/fr\\\/#website\",\"url\":\"https:\\\/\\\/artificelafinition.fr\\\/fr\\\/\",\"name\":\"Artifice La Finition\",\"description\":\"Finitions peintures et vernis\",\"potentialAction\":[{\"@type\":\"SearchAction\",\"target\":{\"@type\":\"EntryPoint\",\"urlTemplate\":\"https:\\\/\\\/artificelafinition.fr\\\/fr\\\/?s={search_term_string}\"},\"query-input\":{\"@type\":\"PropertyValueSpecification\",\"valueRequired\":true,\"valueName\":\"search_term_string\"}}],\"inLanguage\":\"fr-FR\"}]}<\/script>\n<!-- \/ Yoast SEO plugin. -->","yoast_head_json":{"title":"L'entreprise - Artifice La Finition","robots":{"index":"index","follow":"follow","max-snippet":"max-snippet:-1","max-image-preview":"max-image-preview:large","max-video-preview":"max-video-preview:-1"},"canonical":"\/fr\/wp-json\/wp\/v2\/pages\/11","og_locale":"fr_FR","og_type":"article","og_title":"L'entreprise - Artifice La Finition","og_description":"sp\u00e9cialiste en vernissage et laquage Le sp\u00e9cialiste de la finition sur tous supports dans l&rsquo;Ouest de la France, \u00e0 votre service depuis plus de 20 ans. Install\u00e9 depuis 2012 au coeur de la Vend\u00e9e dynamique, Zone industrielle de la Vigne Rouge \u00e0 L&rsquo;Herbergement. Nouvelle installation, nouveaux \u00e9quipements, nouveaux d\u00e9fis, nous n&rsquo;avons pas manqu\u00e9 d&rsquo;investir dans&hellip;","og_url":"https:\/\/artificelafinition.fr\/fr\/lentreprise\/","og_site_name":"Artifice La Finition","article_modified_time":"2025-03-10T16:32:44+00:00","og_image":[{"url":"http:\/\/artificelafinition.fr\/fr\/wp-content\/uploads\/2017\/04\/artifice-logo-svg.svg","type":"","width":"","height":""}],"twitter_card":"summary_large_image","twitter_misc":{"Dur\u00e9e de lecture estim\u00e9e":"1 minute"},"schema":{"@context":"https:\/\/schema.org","@graph":[{"@type":"WebPage","@id":"https:\/\/artificelafinition.fr\/fr\/lentreprise\/","url":"https:\/\/artificelafinition.fr\/fr\/lentreprise\/","name":"L'entreprise - Artifice La Finition","isPartOf":{"@id":"https:\/\/artificelafinition.fr\/fr\/#website"},"primaryImageOfPage":{"@id":"https:\/\/artificelafinition.fr\/fr\/lentreprise\/#primaryimage"},"image":{"@id":"https:\/\/artificelafinition.fr\/fr\/lentreprise\/#primaryimage"},"thumbnailUrl":"http:\/\/artificelafinition.fr\/fr\/wp-content\/uploads\/2017\/04\/artifice-logo-svg.svg","datePublished":"2017-04-25T06:28:38+00:00","dateModified":"2025-03-10T16:32:44+00:00","breadcrumb":{"@id":"https:\/\/artificelafinition.fr\/fr\/lentreprise\/#breadcrumb"},"inLanguage":"fr-FR","potentialAction":[{"@type":"ReadAction","target":["https:\/\/artificelafinition.fr\/fr\/lentreprise\/"]}]},{"@type":"ImageObject","inLanguage":"fr-FR","@id":"https:\/\/artificelafinition.fr\/fr\/lentreprise\/#primaryimage","url":"http:\/\/artificelafinition.fr\/fr\/wp-content\/uploads\/2017\/04\/artifice-logo-svg.svg","contentUrl":"http:\/\/artificelafinition.fr\/fr\/wp-content\/uploads\/2017\/04\/artifice-logo-svg.svg"},{"@type":"BreadcrumbList","@id":"https:\/\/artificelafinition.fr\/fr\/lentreprise\/#breadcrumb","itemListElement":[{"@type":"ListItem","position":1,"name":"Accueil","item":"https:\/\/artificelafinition.fr\/fr\/"},{"@type":"ListItem","position":2,"name":"L&rsquo;entreprise"}]},{"@type":"WebSite","@id":"https:\/\/artificelafinition.fr\/fr\/#website","url":"https:\/\/artificelafinition.fr\/fr\/","name":"Artifice La Finition","description":"Finitions peintures et vernis","potentialAction":[{"@type":"SearchAction","target":{"@type":"EntryPoint","urlTemplate":"https:\/\/artificelafinition.fr\/fr\/?s={search_term_string}"},"query-input":{"@type":"PropertyValueSpecification","valueRequired":true,"valueName":"search_term_string"}}],"inLanguage":"fr-FR"}]}},"_links":{"self":[{"href":"https:\/\/artificelafinition.fr\/fr\/wp-json\/wp\/v2\/pages\/11","targetHints":{"allow":["GET"]}}],"collection":[{"href":"https:\/\/artificelafinition.fr\/fr\/wp-json\/wp\/v2\/pages"}],"about":[{"href":"https:\/\/artificelafinition.fr\/fr\/wp-json\/wp\/v2\/types\/page"}],"author":[{"embeddable":true,"href":"https:\/\/artificelafinition.fr\/fr\/wp-json\/wp\/v2\/users\/1"}],"replies":[{"embeddable":true,"href":"https:\/\/artificelafinition.fr\/fr\/wp-json\/wp\/v2\/comments?post=11"}],"version-history":[{"count":2,"href":"https:\/\/artificelafinition.fr\/fr\/wp-json\/wp\/v2\/pages\/11\/revisions"}],"predecessor-version":[{"id":1008,"href":"https:\/\/artificelafinition.fr\/fr\/wp-json\/wp\/v2\/pages\/11\/revisions\/1008"}],"wp:attachment":[{"href":"https:\/\/artificelafinition.fr\/fr\/wp-json\/wp\/v2\/media?parent=11"}],"curies":[{"name":"wp","href":"https:\/\/api.w.org\/{rel}","templated":true}]}}