{"id":105,"date":"2017-05-21T17:17:51","date_gmt":"2017-05-21T16:17:51","guid":{"rendered":"http:\/\/artificelafinition.fr\/fr\/?page_id=105"},"modified":"2020-09-24T13:00:52","modified_gmt":"2020-09-24T12:00:52","slug":"les-materiaux","status":"publish","type":"page","link":"https:\/\/artificelafinition.fr\/fr\/les-materiaux\/","title":{"rendered":"Les mat\u00e9riaux"},"content":{"rendered":"<p>\t<a href=\"http:\/\/www.artificelafinition.fr\/fr\"><img decoding=\"async\" src=\"http:\/\/artificelafinition.fr\/fr\/wp-content\/uploads\/2017\/04\/artifice-logo-svg.svg\" width=\"100%\"><\/a><\/p>\n<h1>\n\t\tUn panel de solutions techniques<\/p>\n<h3>pour r\u00e9pondre aux exigences de la mati\u00e8re<\/h3>\n<\/h1>\n<p><strong>Le bois<\/strong><br \/> teint\u00e9, vernis, laqu\u00e9, nous saurons vous proposer un grand nombre de possibilit\u00e9s pour magnifier votre produit sans contredire l&rsquo;exigence et la noblesse du support.<\/p>\n<p><strong>Les plastiques<\/strong><br \/> L&rsquo;injection, l&rsquo;extrusion, le thermoformage, le calandrage, l&rsquo;ABS etc&#8230; Les solutions de l&rsquo;industrie du PVC ne manquent pas pour donner corps et couleurs \u00e0 notre savoir-faire.<\/p>\n<p><strong>Les transparents<\/strong><br \/> Verre et plexiglass, mat\u00e9riaux exigeants qui n&rsquo;acceptent pas le manque de respect, ils r\u00e9clament beaucoup de soins avant, pendant et apr\u00e8s leur traitement pour rendre un \u00e9clat remarquable. Notre \u00e9quipe excelle pour les travaux minutieux telle que l&rsquo;\u00e9pargne et reste tr\u00e8s attentive jusqu&rsquo;\u00e0 l&#8217;emballage et le conditionnement.<\/p>\n<p><strong>Les m\u00e9taux<\/strong><br \/> L&rsquo;\u00e9tain, l&rsquo;aluminium, l&rsquo;acier, tout autant de supports qui comme les transparents r\u00e9clament une v\u00e9ritable ma\u00eetrise des techniques de finition.<\/p>\n<p>Notre technique de finition liquide est plus souple que la solution \u00e0 poudre, notre offre permet de r\u00e9pondre aux petites et moyennes s\u00e9ries.<\/p>\n<p><strong>Les composites<\/strong><br \/> Fibre de carbone, de verre, d&rsquo;aramide&#8230; souvent utilis\u00e9s dans les industries, ces diff\u00e9rents mat\u00e9riaux remarquables technologiquement ne nous pr\u00e9sentent pas de v\u00e9ritable exigence de traitement, sans enlever les avantages m\u00e9caniques du support.<\/p>\n<p>\t\t\t\t<img decoding=\"async\" src=\"http:\/\/artificelafinition.fr\/fr\/wp-content\/uploads\/2017\/04\/reference-agencement-017.jpg\" alt=\"reference-agencement-017\" itemprop=\"image\"  \/><br \/>\n\t\t\t\t<img decoding=\"async\" src=\"http:\/\/artificelafinition.fr\/fr\/wp-content\/uploads\/2017\/05\/artifice_bois.jpg\" alt=\"artifice_bois\" itemprop=\"image\"  \/><br \/>\n\t\t\t\t<img decoding=\"async\" src=\"http:\/\/artificelafinition.fr\/fr\/wp-content\/uploads\/2017\/05\/artifice_materiau-metal.jpg\" alt=\"artifice_materiau-metal\" itemprop=\"image\"  \/><br \/>\n\t\t\t\t<img decoding=\"async\" src=\"http:\/\/artificelafinition.fr\/fr\/wp-content\/uploads\/2017\/05\/artifice_serie2.jpg\" alt=\"artifice_serie2\" itemprop=\"image\"  \/><br \/>\n\tARTIFICE \u00a0| \u00a0PA de la Tuilerie &#8211; 26 rue de la Vigne Rouge &#8211;\u00a085260 L&rsquo;HERBERGEMENT \u00a0| \u00a0T\u00e9l. : 02 51 43 30 41\u00a0 | \u00a0Fax : 02 51 42 83 22<\/p>\n<p style=\"text-align: center;\"><a href=\"http:\/\/artificelafinition.fr\/fr\/contacts\/\">Contactez-nous !<\/a><\/p>\n<p><a href=\"http:\/\/artificelafinition.fr\/fr\/lentreprise\/\">Finitions vernis Grand Ouest<\/a> &#8211; <a href=\"http:\/\/artificelafinition.fr\/fr\/nos-finitions\/\">finition laque<\/a> &#8211; <a href=\"http:\/\/artificelafinition.fr\/fr\/nos-finitions\/\">finition grand brillant<\/a> &#8211; <a href=\"http:\/\/artificelafinition.fr\/fr\/nos-finitions\/\">laquage<\/a> &#8211; <a href=\"http:\/\/artificelafinition.fr\/fr\/nos-moyens\/\">vernissage<\/a> &#8211; <a href=\"http:\/\/artificelafinition.fr\/fr\/nos-finitions\/\">finitions peinture<\/a><\/p>\n<p>Tous droits r\u00e9serv\u00e9s ARTIFICE<br \/>\nMentions l\u00e9gales<br \/>\nR\u00e9alisation : Amomenti \/ Agence 71<\/p>\n<p>\t\t\t\t<img decoding=\"async\" src=\"http:\/\/artificelafinition.fr\/fr\/wp-content\/uploads\/2017\/04\/carte-france3.png\" alt=\"carte-france3\" itemprop=\"image\"  \/><\/p>\n","protected":false},"excerpt":{"rendered":"<p>Un panel de solutions techniques pour r\u00e9pondre aux exigences de la mati\u00e8re Le bois teint\u00e9, vernis, laqu\u00e9, nous saurons vous proposer un grand nombre de possibilit\u00e9s pour magnifier votre produit sans contredire l&rsquo;exigence et la noblesse du support. Les plastiques L&rsquo;injection, l&rsquo;extrusion, le thermoformage, le calandrage, l&rsquo;ABS etc&#8230; Les solutions de l&rsquo;industrie du PVC ne&hellip;<\/p>\n","protected":false},"author":1,"featured_media":0,"parent":0,"menu_order":0,"comment_status":"closed","ping_status":"closed","template":"","meta":{"inline_featured_image":false,"footnotes":""},"class_list":["post-105","page","type-page","status-publish","hentry"],"yoast_head":"<!-- This site is optimized with the Yoast SEO plugin v27.4 - https:\/\/yoast.com\/product\/yoast-seo-wordpress\/ -->\n<title>Les mat\u00e9riaux - Artifice La Finition<\/title>\n<meta name=\"robots\" content=\"index, follow, max-snippet:-1, max-image-preview:large, max-video-preview:-1\" \/>\n<link rel=\"canonical\" href=\"\/fr\/wp-json\/wp\/v2\/pages\/105\" \/>\n<meta property=\"og:locale\" content=\"fr_FR\" \/>\n<meta property=\"og:type\" content=\"article\" \/>\n<meta property=\"og:title\" content=\"Les mat\u00e9riaux - Artifice La Finition\" \/>\n<meta property=\"og:description\" content=\"Un panel de solutions techniques pour r\u00e9pondre aux exigences de la mati\u00e8re Le bois teint\u00e9, vernis, laqu\u00e9, nous saurons vous proposer un grand nombre de possibilit\u00e9s pour magnifier votre produit sans contredire l&rsquo;exigence et la noblesse du support. Les plastiques L&rsquo;injection, l&rsquo;extrusion, le thermoformage, le calandrage, l&rsquo;ABS etc&#8230; Les solutions de l&rsquo;industrie du PVC ne&hellip;\" \/>\n<meta property=\"og:url\" content=\"https:\/\/artificelafinition.fr\/fr\/les-materiaux\/\" \/>\n<meta property=\"og:site_name\" content=\"Artifice La Finition\" \/>\n<meta property=\"article:modified_time\" content=\"2020-09-24T12:00:52+00:00\" \/>\n<meta property=\"og:image\" content=\"http:\/\/artificelafinition.fr\/fr\/wp-content\/uploads\/2017\/04\/artifice-logo-svg.svg\" \/>\n<meta name=\"twitter:card\" content=\"summary_large_image\" \/>\n<meta name=\"twitter:label1\" content=\"Dur\u00e9e de lecture estim\u00e9e\" \/>\n\t<meta name=\"twitter:data1\" content=\"1 minute\" \/>\n<script type=\"application\/ld+json\" class=\"yoast-schema-graph\">{\"@context\":\"https:\\\/\\\/schema.org\",\"@graph\":[{\"@type\":\"WebPage\",\"@id\":\"https:\\\/\\\/artificelafinition.fr\\\/fr\\\/les-materiaux\\\/\",\"url\":\"https:\\\/\\\/artificelafinition.fr\\\/fr\\\/les-materiaux\\\/\",\"name\":\"Les mat\u00e9riaux - Artifice La Finition\",\"isPartOf\":{\"@id\":\"https:\\\/\\\/artificelafinition.fr\\\/fr\\\/#website\"},\"primaryImageOfPage\":{\"@id\":\"https:\\\/\\\/artificelafinition.fr\\\/fr\\\/les-materiaux\\\/#primaryimage\"},\"image\":{\"@id\":\"https:\\\/\\\/artificelafinition.fr\\\/fr\\\/les-materiaux\\\/#primaryimage\"},\"thumbnailUrl\":\"http:\\\/\\\/artificelafinition.fr\\\/fr\\\/wp-content\\\/uploads\\\/2017\\\/04\\\/artifice-logo-svg.svg\",\"datePublished\":\"2017-05-21T16:17:51+00:00\",\"dateModified\":\"2020-09-24T12:00:52+00:00\",\"breadcrumb\":{\"@id\":\"https:\\\/\\\/artificelafinition.fr\\\/fr\\\/les-materiaux\\\/#breadcrumb\"},\"inLanguage\":\"fr-FR\",\"potentialAction\":[{\"@type\":\"ReadAction\",\"target\":[\"https:\\\/\\\/artificelafinition.fr\\\/fr\\\/les-materiaux\\\/\"]}]},{\"@type\":\"ImageObject\",\"inLanguage\":\"fr-FR\",\"@id\":\"https:\\\/\\\/artificelafinition.fr\\\/fr\\\/les-materiaux\\\/#primaryimage\",\"url\":\"http:\\\/\\\/artificelafinition.fr\\\/fr\\\/wp-content\\\/uploads\\\/2017\\\/04\\\/artifice-logo-svg.svg\",\"contentUrl\":\"http:\\\/\\\/artificelafinition.fr\\\/fr\\\/wp-content\\\/uploads\\\/2017\\\/04\\\/artifice-logo-svg.svg\"},{\"@type\":\"BreadcrumbList\",\"@id\":\"https:\\\/\\\/artificelafinition.fr\\\/fr\\\/les-materiaux\\\/#breadcrumb\",\"itemListElement\":[{\"@type\":\"ListItem\",\"position\":1,\"name\":\"Accueil\",\"item\":\"https:\\\/\\\/artificelafinition.fr\\\/fr\\\/\"},{\"@type\":\"ListItem\",\"position\":2,\"name\":\"Les mat\u00e9riaux\"}]},{\"@type\":\"WebSite\",\"@id\":\"https:\\\/\\\/artificelafinition.fr\\\/fr\\\/#website\",\"url\":\"https:\\\/\\\/artificelafinition.fr\\\/fr\\\/\",\"name\":\"Artifice La Finition\",\"description\":\"Finitions peintures et vernis\",\"potentialAction\":[{\"@type\":\"SearchAction\",\"target\":{\"@type\":\"EntryPoint\",\"urlTemplate\":\"https:\\\/\\\/artificelafinition.fr\\\/fr\\\/?s={search_term_string}\"},\"query-input\":{\"@type\":\"PropertyValueSpecification\",\"valueRequired\":true,\"valueName\":\"search_term_string\"}}],\"inLanguage\":\"fr-FR\"}]}<\/script>\n<!-- \/ Yoast SEO plugin. -->","yoast_head_json":{"title":"Les mat\u00e9riaux - Artifice La Finition","robots":{"index":"index","follow":"follow","max-snippet":"max-snippet:-1","max-image-preview":"max-image-preview:large","max-video-preview":"max-video-preview:-1"},"canonical":"\/fr\/wp-json\/wp\/v2\/pages\/105","og_locale":"fr_FR","og_type":"article","og_title":"Les mat\u00e9riaux - Artifice La Finition","og_description":"Un panel de solutions techniques pour r\u00e9pondre aux exigences de la mati\u00e8re Le bois teint\u00e9, vernis, laqu\u00e9, nous saurons vous proposer un grand nombre de possibilit\u00e9s pour magnifier votre produit sans contredire l&rsquo;exigence et la noblesse du support. Les plastiques L&rsquo;injection, l&rsquo;extrusion, le thermoformage, le calandrage, l&rsquo;ABS etc&#8230; Les solutions de l&rsquo;industrie du PVC ne&hellip;","og_url":"https:\/\/artificelafinition.fr\/fr\/les-materiaux\/","og_site_name":"Artifice La Finition","article_modified_time":"2020-09-24T12:00:52+00:00","og_image":[{"url":"http:\/\/artificelafinition.fr\/fr\/wp-content\/uploads\/2017\/04\/artifice-logo-svg.svg","type":"","width":"","height":""}],"twitter_card":"summary_large_image","twitter_misc":{"Dur\u00e9e de lecture estim\u00e9e":"1 minute"},"schema":{"@context":"https:\/\/schema.org","@graph":[{"@type":"WebPage","@id":"https:\/\/artificelafinition.fr\/fr\/les-materiaux\/","url":"https:\/\/artificelafinition.fr\/fr\/les-materiaux\/","name":"Les mat\u00e9riaux - Artifice La Finition","isPartOf":{"@id":"https:\/\/artificelafinition.fr\/fr\/#website"},"primaryImageOfPage":{"@id":"https:\/\/artificelafinition.fr\/fr\/les-materiaux\/#primaryimage"},"image":{"@id":"https:\/\/artificelafinition.fr\/fr\/les-materiaux\/#primaryimage"},"thumbnailUrl":"http:\/\/artificelafinition.fr\/fr\/wp-content\/uploads\/2017\/04\/artifice-logo-svg.svg","datePublished":"2017-05-21T16:17:51+00:00","dateModified":"2020-09-24T12:00:52+00:00","breadcrumb":{"@id":"https:\/\/artificelafinition.fr\/fr\/les-materiaux\/#breadcrumb"},"inLanguage":"fr-FR","potentialAction":[{"@type":"ReadAction","target":["https:\/\/artificelafinition.fr\/fr\/les-materiaux\/"]}]},{"@type":"ImageObject","inLanguage":"fr-FR","@id":"https:\/\/artificelafinition.fr\/fr\/les-materiaux\/#primaryimage","url":"http:\/\/artificelafinition.fr\/fr\/wp-content\/uploads\/2017\/04\/artifice-logo-svg.svg","contentUrl":"http:\/\/artificelafinition.fr\/fr\/wp-content\/uploads\/2017\/04\/artifice-logo-svg.svg"},{"@type":"BreadcrumbList","@id":"https:\/\/artificelafinition.fr\/fr\/les-materiaux\/#breadcrumb","itemListElement":[{"@type":"ListItem","position":1,"name":"Accueil","item":"https:\/\/artificelafinition.fr\/fr\/"},{"@type":"ListItem","position":2,"name":"Les mat\u00e9riaux"}]},{"@type":"WebSite","@id":"https:\/\/artificelafinition.fr\/fr\/#website","url":"https:\/\/artificelafinition.fr\/fr\/","name":"Artifice La Finition","description":"Finitions peintures et vernis","potentialAction":[{"@type":"SearchAction","target":{"@type":"EntryPoint","urlTemplate":"https:\/\/artificelafinition.fr\/fr\/?s={search_term_string}"},"query-input":{"@type":"PropertyValueSpecification","valueRequired":true,"valueName":"search_term_string"}}],"inLanguage":"fr-FR"}]}},"_links":{"self":[{"href":"https:\/\/artificelafinition.fr\/fr\/wp-json\/wp\/v2\/pages\/105","targetHints":{"allow":["GET"]}}],"collection":[{"href":"https:\/\/artificelafinition.fr\/fr\/wp-json\/wp\/v2\/pages"}],"about":[{"href":"https:\/\/artificelafinition.fr\/fr\/wp-json\/wp\/v2\/types\/page"}],"author":[{"embeddable":true,"href":"https:\/\/artificelafinition.fr\/fr\/wp-json\/wp\/v2\/users\/1"}],"replies":[{"embeddable":true,"href":"https:\/\/artificelafinition.fr\/fr\/wp-json\/wp\/v2\/comments?post=105"}],"version-history":[{"count":0,"href":"https:\/\/artificelafinition.fr\/fr\/wp-json\/wp\/v2\/pages\/105\/revisions"}],"wp:attachment":[{"href":"https:\/\/artificelafinition.fr\/fr\/wp-json\/wp\/v2\/media?parent=105"}],"curies":[{"name":"wp","href":"https:\/\/api.w.org\/{rel}","templated":true}]}}